{"id":44409,"date":"2025-06-18T10:59:27","date_gmt":"2025-06-18T10:59:27","guid":{"rendered":"https:\/\/zl.jewelry\/product\/svarogs-square-pendant\/"},"modified":"2025-09-26T18:30:10","modified_gmt":"2025-09-26T18:30:10","slug":"svarogs-square-pendant","status":"publish","type":"product","link":"https:\/\/zl.jewelry\/pl\/product\/svarogs-square-pendant\/","title":{"rendered":"Wisiorek \u201eKwadrat Svaroga\u201d"},"content":{"rendered":"<p>Zawieszka z czerwonego i bia\u0142ego z\u0142ota pr\u00f3by 585*, waga z\u0142ota 16,50 grama. \u015arednica bez ucha wynosi 35 mm. Na przedniej stronie w centplm kwadrat Svarog,&nbsp; na cantique&nbsp; w okr\u0119gu \u0142ab\u0119dzie pi\u00f3ra, ucho w formie li\u015bcia. Szczeg\u00f3\u0142y w bia\u0142ym&nbsp; z\u0142ocie platerowanym rodem.<\/p>\n<p>.<\/p>\n","protected":false},"excerpt":{"rendered":"<p>Zawieszka z czerwonego i bia\u0142ego z\u0142ota pr\u00f3by 585*, waga z\u0142ota 16,50 grama. \u015arednica bez ucha wynosi 35 mm. Na przedniej stronie w centplm kwadrat Svarog,&nbsp; na cantique&nbsp; w okr\u0119gu \u0142ab\u0119dzie pi\u00f3ra, ucho w formie li\u015bcia. Szczeg\u00f3\u0142y w bia\u0142ym&nbsp; z\u0142ocie platerowanym rodem. .<\/p>\n","protected":false},"featured_media":44410,"template":"","meta":{"_acf_changed":false},"product_brand":[],"product_cat":[563,568],"product_tag":[],"class_list":{"0":"post-44409","1":"product","2":"type-product","3":"status-publish","4":"has-post-thumbnail","6":"product_cat-gold-pendants-pl","7":"product_cat-without-inserts-2-pl","9":"first","10":"instock","11":"product-type-simple"},"acf":[],"_links":{"self":[{"href":"https:\/\/zl.jewelry\/pl\/wp-json\/wp\/v2\/product\/44409","targetHints":{"allow":["GET"]}}],"collection":[{"href":"https:\/\/zl.jewelry\/pl\/wp-json\/wp\/v2\/product"}],"about":[{"href":"https:\/\/zl.jewelry\/pl\/wp-json\/wp\/v2\/types\/product"}],"wp:featuredmedia":[{"embeddable":true,"href":"https:\/\/zl.jewelry\/pl\/wp-json\/wp\/v2\/media\/44410"}],"wp:attachment":[{"href":"https:\/\/zl.jewelry\/pl\/wp-json\/wp\/v2\/media?parent=44409"}],"wp:term":[{"taxonomy":"product_brand","embeddable":true,"href":"https:\/\/zl.jewelry\/pl\/wp-json\/wp\/v2\/product_brand?post=44409"},{"taxonomy":"product_cat","embeddable":true,"href":"https:\/\/zl.jewelry\/pl\/wp-json\/wp\/v2\/product_cat?post=44409"},{"taxonomy":"product_tag","embeddable":true,"href":"https:\/\/zl.jewelry\/pl\/wp-json\/wp\/v2\/product_tag?post=44409"}],"curies":[{"name":"wp","href":"https:\/\/api.w.org\/{rel}","templated":true}]}}