{"id":44407,"date":"2025-06-18T10:59:27","date_gmt":"2025-06-18T10:59:27","guid":{"rendered":"https:\/\/zl.jewelry\/product\/guardian-pendant\/"},"modified":"2025-09-26T18:30:09","modified_gmt":"2025-09-26T18:30:09","slug":"guardian-pendant","status":"publish","type":"product","link":"https:\/\/zl.jewelry\/pl\/product\/guardian-pendant\/","title":{"rendered":"Wisiorek \u201eStra\u017cniczka\u201d"},"content":{"rendered":"<p>Unikatowy wisiorek z bia\u0142ego z\u0142ota, na drewnianej podstawie. Z przodu po\u015brodku znajduje si\u0119 wizeplnek bogini Niki, z ty\u0142u na trzech rogach nak\u0142adki w formie wzor\u00f3w, na ko\u0144cu ramka z wzorami. Ucho ma form\u0119 li\u015bcia. Wszystkie z\u0142ote elementy s\u0105 rodowane. Waga z\u0142ota zale\u017cy od wymiar\u00f3w bi\u017cuterii, przy wysoko\u015bci wisiorka 55 mm waga z\u0142ota wynosi 18,77 grama. Wz\u00f3r bi\u017cuterii mo\u017ce zosta\u0107 zmieniony zgodnie z \u017cyczeniem klienta.<\/p>\n","protected":false},"excerpt":{"rendered":"<p>Unikatowy wisiorek z bia\u0142ego z\u0142ota, na drewnianej podstawie. Z przodu po\u015brodku znajduje si\u0119 wizeplnek bogini Niki, z ty\u0142u na trzech rogach nak\u0142adki w formie wzor\u00f3w, na ko\u0144cu ramka z wzorami. Ucho ma form\u0119 li\u015bcia. Wszystkie z\u0142ote elementy s\u0105 rodowane. Waga z\u0142ota zale\u017cy od wymiar\u00f3w bi\u017cuterii, przy wysoko\u015bci wisiorka 55 mm waga z\u0142ota wynosi 18,77 grama&#8230;.<\/p>\n","protected":false},"featured_media":44408,"template":"","meta":{"_acf_changed":false},"product_brand":[],"product_cat":[568,502,500,563],"product_tag":[],"class_list":{"0":"post-44407","1":"product","2":"type-product","3":"status-publish","4":"has-post-thumbnail","6":"product_cat-without-inserts-2-pl","7":"product_cat-on-an-ebony-tree-pl","8":"product_cat-golden-icons-pl","9":"product_cat-gold-pendants-pl","11":"first","12":"instock","13":"product-type-simple"},"acf":[],"_links":{"self":[{"href":"https:\/\/zl.jewelry\/pl\/wp-json\/wp\/v2\/product\/44407","targetHints":{"allow":["GET"]}}],"collection":[{"href":"https:\/\/zl.jewelry\/pl\/wp-json\/wp\/v2\/product"}],"about":[{"href":"https:\/\/zl.jewelry\/pl\/wp-json\/wp\/v2\/types\/product"}],"wp:featuredmedia":[{"embeddable":true,"href":"https:\/\/zl.jewelry\/pl\/wp-json\/wp\/v2\/media\/44408"}],"wp:attachment":[{"href":"https:\/\/zl.jewelry\/pl\/wp-json\/wp\/v2\/media?parent=44407"}],"wp:term":[{"taxonomy":"product_brand","embeddable":true,"href":"https:\/\/zl.jewelry\/pl\/wp-json\/wp\/v2\/product_brand?post=44407"},{"taxonomy":"product_cat","embeddable":true,"href":"https:\/\/zl.jewelry\/pl\/wp-json\/wp\/v2\/product_cat?post=44407"},{"taxonomy":"product_tag","embeddable":true,"href":"https:\/\/zl.jewelry\/pl\/wp-json\/wp\/v2\/product_tag?post=44407"}],"curies":[{"name":"wp","href":"https:\/\/api.w.org\/{rel}","templated":true}]}}