{"id":44403,"date":"2025-06-18T10:59:27","date_gmt":"2025-06-18T10:59:27","guid":{"rendered":"https:\/\/zl.jewelry\/product\/solomons-amulet\/"},"modified":"2025-09-26T18:30:09","modified_gmt":"2025-09-26T18:30:09","slug":"solomons-amulet","status":"publish","type":"product","link":"https:\/\/zl.jewelry\/pl\/product\/solomons-amulet\/","title":{"rendered":"Amulet Salomona"},"content":{"rendered":"<p>Wisiorek z bia\u0142ego z\u0142ota pr\u00f3by 585* o wadze 34,23 grama. Na przedniej stronie znajduje si\u0119 znak Zen na kraw\u0119dzi i twarz Buddy w centplm. Z ty\u0142u znajduje si\u0119 znak podobny do kierownicy. Na uchwycie z przodu znajduje si\u0119 tybeta\u0144ski w\u0119ze\u0142. \u015arednica wisiorka bez wyst\u0119pu 35 mm. Wisiorek jest pokryty rodem.<\/p>\n","protected":false},"excerpt":{"rendered":"<p>Wisiorek z bia\u0142ego z\u0142ota pr\u00f3by 585* o wadze 34,23 grama. Na przedniej stronie znajduje si\u0119 znak Zen na kraw\u0119dzi i twarz Buddy w centplm. Z ty\u0142u znajduje si\u0119 znak podobny do kierownicy. Na uchwycie z przodu znajduje si\u0119 tybeta\u0144ski w\u0119ze\u0142. \u015arednica wisiorka bez wyst\u0119pu 35 mm. Wisiorek jest pokryty rodem.<\/p>\n","protected":false},"featured_media":44404,"template":"","meta":{"_acf_changed":false},"product_brand":[],"product_cat":[563,568],"product_tag":[],"class_list":{"0":"post-44403","1":"product","2":"type-product","3":"status-publish","4":"has-post-thumbnail","6":"product_cat-gold-pendants-pl","7":"product_cat-without-inserts-2-pl","9":"first","10":"instock","11":"product-type-simple"},"acf":[],"_links":{"self":[{"href":"https:\/\/zl.jewelry\/pl\/wp-json\/wp\/v2\/product\/44403","targetHints":{"allow":["GET"]}}],"collection":[{"href":"https:\/\/zl.jewelry\/pl\/wp-json\/wp\/v2\/product"}],"about":[{"href":"https:\/\/zl.jewelry\/pl\/wp-json\/wp\/v2\/types\/product"}],"wp:featuredmedia":[{"embeddable":true,"href":"https:\/\/zl.jewelry\/pl\/wp-json\/wp\/v2\/media\/44404"}],"wp:attachment":[{"href":"https:\/\/zl.jewelry\/pl\/wp-json\/wp\/v2\/media?parent=44403"}],"wp:term":[{"taxonomy":"product_brand","embeddable":true,"href":"https:\/\/zl.jewelry\/pl\/wp-json\/wp\/v2\/product_brand?post=44403"},{"taxonomy":"product_cat","embeddable":true,"href":"https:\/\/zl.jewelry\/pl\/wp-json\/wp\/v2\/product_cat?post=44403"},{"taxonomy":"product_tag","embeddable":true,"href":"https:\/\/zl.jewelry\/pl\/wp-json\/wp\/v2\/product_tag?post=44403"}],"curies":[{"name":"wp","href":"https:\/\/api.w.org\/{rel}","templated":true}]}}