{"id":44401,"date":"2025-06-18T10:59:27","date_gmt":"2025-06-18T10:59:27","guid":{"rendered":"https:\/\/zl.jewelry\/product\/shield-pendant-with-st-george-the-victorious\/"},"modified":"2025-09-26T18:30:09","modified_gmt":"2025-09-26T18:30:09","slug":"shield-pendant-with-st-george-the-victorious","status":"publish","type":"product","link":"https:\/\/zl.jewelry\/pl\/product\/shield-pendant-with-st-george-the-victorious\/","title":{"rendered":"Wisiorek &#8222;Tarcza&#8221; ze \u015bwi\u0119tym Jerzym Zwyci\u0119zc\u0105"},"content":{"rendered":"","protected":false},"excerpt":{"rendered":"","protected":false},"featured_media":44402,"template":"","meta":{"_acf_changed":false},"product_brand":[],"product_cat":[500,502],"product_tag":[],"class_list":{"0":"post-44401","1":"product","2":"type-product","3":"status-publish","4":"has-post-thumbnail","6":"product_cat-golden-icons-pl","7":"product_cat-on-an-ebony-tree-pl","9":"first","10":"instock","11":"product-type-simple"},"acf":[],"_links":{"self":[{"href":"https:\/\/zl.jewelry\/pl\/wp-json\/wp\/v2\/product\/44401","targetHints":{"allow":["GET"]}}],"collection":[{"href":"https:\/\/zl.jewelry\/pl\/wp-json\/wp\/v2\/product"}],"about":[{"href":"https:\/\/zl.jewelry\/pl\/wp-json\/wp\/v2\/types\/product"}],"wp:featuredmedia":[{"embeddable":true,"href":"https:\/\/zl.jewelry\/pl\/wp-json\/wp\/v2\/media\/44402"}],"wp:attachment":[{"href":"https:\/\/zl.jewelry\/pl\/wp-json\/wp\/v2\/media?parent=44401"}],"wp:term":[{"taxonomy":"product_brand","embeddable":true,"href":"https:\/\/zl.jewelry\/pl\/wp-json\/wp\/v2\/product_brand?post=44401"},{"taxonomy":"product_cat","embeddable":true,"href":"https:\/\/zl.jewelry\/pl\/wp-json\/wp\/v2\/product_cat?post=44401"},{"taxonomy":"product_tag","embeddable":true,"href":"https:\/\/zl.jewelry\/pl\/wp-json\/wp\/v2\/product_tag?post=44401"}],"curies":[{"name":"wp","href":"https:\/\/api.w.org\/{rel}","templated":true}]}}