{"id":44399,"date":"2025-06-18T10:59:27","date_gmt":"2025-06-18T10:59:27","guid":{"rendered":"https:\/\/zl.jewelry\/product\/sun-and-moon-pendant\/"},"modified":"2025-09-26T18:30:08","modified_gmt":"2025-09-26T18:30:08","slug":"sun-and-moon-pendant","status":"publish","type":"product","link":"https:\/\/zl.jewelry\/pl\/product\/sun-and-moon-pendant\/","title":{"rendered":"Wisiorek \u201eS\u0142o\u0144ce i Ksi\u0119\u017cyc\u201d"},"content":{"rendered":"<p>Niesamowity wisiorek w po\u0142\u0105czeniu czerwonego i bia\u0142ego z\u0142ota. Ksi\u0119\u017cyc z bia\u0142ego z\u0142ota pokrytego rodem, s\u0142o\u0144ce z czerwonego z\u0142ota. Waga jest w proporcji wymiar\u00f3w, przy \u015brednicy elementu 35mm bez ucha, przy wysoko\u015bci bi\u017cuterii 44mm, waga z\u0142ota w wisiorku wynosi 9,88 grama.Wz\u00f3r mo\u017ce by\u0107 zmieniony zgodnie z \u017cyczeniem klienta.&nbsp;<\/p>\n","protected":false},"excerpt":{"rendered":"<p>Niesamowity wisiorek w po\u0142\u0105czeniu czerwonego i bia\u0142ego z\u0142ota. Ksi\u0119\u017cyc z bia\u0142ego z\u0142ota pokrytego rodem, s\u0142o\u0144ce z czerwonego z\u0142ota. Waga jest w proporcji wymiar\u00f3w, przy \u015brednicy elementu 35mm bez ucha, przy wysoko\u015bci bi\u017cuterii 44mm, waga z\u0142ota w wisiorku wynosi 9,88 grama.Wz\u00f3r mo\u017ce by\u0107 zmieniony zgodnie z \u017cyczeniem klienta.&nbsp;<\/p>\n","protected":false},"featured_media":44400,"template":"","meta":{"_acf_changed":false},"product_brand":[],"product_cat":[563,568],"product_tag":[],"class_list":{"0":"post-44399","1":"product","2":"type-product","3":"status-publish","4":"has-post-thumbnail","6":"product_cat-gold-pendants-pl","7":"product_cat-without-inserts-2-pl","9":"first","10":"instock","11":"product-type-simple"},"acf":[],"_links":{"self":[{"href":"https:\/\/zl.jewelry\/pl\/wp-json\/wp\/v2\/product\/44399","targetHints":{"allow":["GET"]}}],"collection":[{"href":"https:\/\/zl.jewelry\/pl\/wp-json\/wp\/v2\/product"}],"about":[{"href":"https:\/\/zl.jewelry\/pl\/wp-json\/wp\/v2\/types\/product"}],"wp:featuredmedia":[{"embeddable":true,"href":"https:\/\/zl.jewelry\/pl\/wp-json\/wp\/v2\/media\/44400"}],"wp:attachment":[{"href":"https:\/\/zl.jewelry\/pl\/wp-json\/wp\/v2\/media?parent=44399"}],"wp:term":[{"taxonomy":"product_brand","embeddable":true,"href":"https:\/\/zl.jewelry\/pl\/wp-json\/wp\/v2\/product_brand?post=44399"},{"taxonomy":"product_cat","embeddable":true,"href":"https:\/\/zl.jewelry\/pl\/wp-json\/wp\/v2\/product_cat?post=44399"},{"taxonomy":"product_tag","embeddable":true,"href":"https:\/\/zl.jewelry\/pl\/wp-json\/wp\/v2\/product_tag?post=44399"}],"curies":[{"name":"wp","href":"https:\/\/api.w.org\/{rel}","templated":true}]}}