{"id":44391,"date":"2025-06-18T10:59:27","date_gmt":"2025-06-18T10:59:27","guid":{"rendered":"https:\/\/zl.jewelry\/product\/star-of-david-pendant-with-enamel\/"},"modified":"2025-09-26T18:30:07","modified_gmt":"2025-09-26T18:30:07","slug":"star-of-david-pendant-with-enamel","status":"publish","type":"product","link":"https:\/\/zl.jewelry\/pl\/product\/star-of-david-pendant-with-enamel\/","title":{"rendered":"Wisiorek \u201eGwiazda Dawida\u201d z emali\u0105"},"content":{"rendered":"<p>Wisiorek z czerwonego z\u0142ota pr\u00f3by 585*, o wadze 9,40 grama. Wysoko\u015b\u0107 wisiorka to 36mm, przednia cz\u0119\u015b\u0107 przedstawia &quot;Gwiazd\u0119 Dawida&quot;. Z ty\u0142u wymodelowane inicja\u0142y i znak zodiaku.&nbsp; Gwiazda Dawida, przednia cz\u0119\u015b\u0107, inicja\u0142y, znak zodiaku i ucho pokryte emali\u0105.<\/p>\n","protected":false},"excerpt":{"rendered":"<p>Wisiorek z czerwonego z\u0142ota pr\u00f3by 585*, o wadze 9,40 grama. Wysoko\u015b\u0107 wisiorka to 36mm, przednia cz\u0119\u015b\u0107 przedstawia &quot;Gwiazd\u0119 Dawida&quot;. Z ty\u0142u wymodelowane inicja\u0142y i znak zodiaku.&nbsp; Gwiazda Dawida, przednia cz\u0119\u015b\u0107, inicja\u0142y, znak zodiaku i ucho pokryte emali\u0105.<\/p>\n","protected":false},"featured_media":44392,"template":"","meta":{"_acf_changed":false},"product_brand":[],"product_cat":[563,568],"product_tag":[],"class_list":{"0":"post-44391","1":"product","2":"type-product","3":"status-publish","4":"has-post-thumbnail","6":"product_cat-gold-pendants-pl","7":"product_cat-without-inserts-2-pl","9":"first","10":"instock","11":"product-type-simple"},"acf":[],"_links":{"self":[{"href":"https:\/\/zl.jewelry\/pl\/wp-json\/wp\/v2\/product\/44391","targetHints":{"allow":["GET"]}}],"collection":[{"href":"https:\/\/zl.jewelry\/pl\/wp-json\/wp\/v2\/product"}],"about":[{"href":"https:\/\/zl.jewelry\/pl\/wp-json\/wp\/v2\/types\/product"}],"wp:featuredmedia":[{"embeddable":true,"href":"https:\/\/zl.jewelry\/pl\/wp-json\/wp\/v2\/media\/44392"}],"wp:attachment":[{"href":"https:\/\/zl.jewelry\/pl\/wp-json\/wp\/v2\/media?parent=44391"}],"wp:term":[{"taxonomy":"product_brand","embeddable":true,"href":"https:\/\/zl.jewelry\/pl\/wp-json\/wp\/v2\/product_brand?post=44391"},{"taxonomy":"product_cat","embeddable":true,"href":"https:\/\/zl.jewelry\/pl\/wp-json\/wp\/v2\/product_cat?post=44391"},{"taxonomy":"product_tag","embeddable":true,"href":"https:\/\/zl.jewelry\/pl\/wp-json\/wp\/v2\/product_tag?post=44391"}],"curies":[{"name":"wp","href":"https:\/\/api.w.org\/{rel}","templated":true}]}}