{"id":44385,"date":"2025-06-18T10:59:32","date_gmt":"2025-06-18T10:59:32","guid":{"rendered":"https:\/\/zl.jewelry\/product\/star-cube-ring\/"},"modified":"2025-09-26T18:30:17","modified_gmt":"2025-09-26T18:30:17","slug":"star-cube-ring","status":"publish","type":"product","link":"https:\/\/zl.jewelry\/pl\/product\/star-cube-ring\/","title":{"rendered":"Pier\u015bcie\u0144 &#8222;Star Cube&#8221;"},"content":{"rendered":"<p>Delikatny pier\u015bcionek z ciekawym elementem centralnym, wykonany z czerwonego z\u0142ota. \u015arodkowa cz\u0119\u015b\u0107 jest wysadzana kamieniami o \u015brednicy 2,00 mm (9 sztuk). Waga pier\u015bcionka zale\u017cy od rozmiapl bi\u017cuterii, przy rozmiarze 16,50 grama waga z\u0142ota w bi\u017cuterii wynosi 3,10 grama. Wz&oacute;r bi\u017cuterii mo\u017ce by\u0107 zmieniony zgodnie z \u017cyczeniem klienta.<\/p>\n<p>_x000D_<\/p>\n","protected":false},"excerpt":{"rendered":"<p>Delikatny pier\u015bcionek z ciekawym elementem centralnym, wykonany z czerwonego z\u0142ota. \u015arodkowa cz\u0119\u015b\u0107 jest wysadzana kamieniami o \u015brednicy 2,00 mm (9 sztuk). Waga pier\u015bcionka zale\u017cy od rozmiapl bi\u017cuterii, przy rozmiarze 16,50 grama waga z\u0142ota w bi\u017cuterii wynosi 3,10 grama. Wz&oacute;r bi\u017cuterii mo\u017ce by\u0107 zmieniony zgodnie z \u017cyczeniem klienta. _x000D_<\/p>\n","protected":false},"featured_media":44386,"template":"","meta":{"_acf_changed":false},"product_brand":[],"product_cat":[514,518,519,522],"product_tag":[],"class_list":{"0":"post-44385","1":"product","2":"type-product","3":"status-publish","4":"has-post-thumbnail","6":"product_cat-golden-rings-pl","7":"product_cat-red-gold-rings-pl","8":"product_cat-rings-with-diamonds-pl","9":"product_cat-with-rocks-pl","11":"first","12":"instock","13":"product-type-simple"},"acf":[],"_links":{"self":[{"href":"https:\/\/zl.jewelry\/pl\/wp-json\/wp\/v2\/product\/44385","targetHints":{"allow":["GET"]}}],"collection":[{"href":"https:\/\/zl.jewelry\/pl\/wp-json\/wp\/v2\/product"}],"about":[{"href":"https:\/\/zl.jewelry\/pl\/wp-json\/wp\/v2\/types\/product"}],"wp:featuredmedia":[{"embeddable":true,"href":"https:\/\/zl.jewelry\/pl\/wp-json\/wp\/v2\/media\/44386"}],"wp:attachment":[{"href":"https:\/\/zl.jewelry\/pl\/wp-json\/wp\/v2\/media?parent=44385"}],"wp:term":[{"taxonomy":"product_brand","embeddable":true,"href":"https:\/\/zl.jewelry\/pl\/wp-json\/wp\/v2\/product_brand?post=44385"},{"taxonomy":"product_cat","embeddable":true,"href":"https:\/\/zl.jewelry\/pl\/wp-json\/wp\/v2\/product_cat?post=44385"},{"taxonomy":"product_tag","embeddable":true,"href":"https:\/\/zl.jewelry\/pl\/wp-json\/wp\/v2\/product_tag?post=44385"}],"curies":[{"name":"wp","href":"https:\/\/api.w.org\/{rel}","templated":true}]}}