{"id":44357,"date":"2025-06-18T10:59:32","date_gmt":"2025-06-18T10:59:32","guid":{"rendered":"https:\/\/zl.jewelry\/product\/refinement-engagement-ring\/"},"modified":"2025-09-26T18:30:14","modified_gmt":"2025-09-26T18:30:14","slug":"refinement-engagement-ring","status":"publish","type":"product","link":"https:\/\/zl.jewelry\/pl\/product\/refinement-engagement-ring\/","title":{"rendered":"Pier\u015bcionek zar\u0119czynowy &#8222;Wyrafinowanie&#8221;"},"content":{"rendered":"<p>Delikatny pier\u015bcionek z rodowanego bia\u0142ego z\u0142ota. Pier\u015bcionek jest wysadzany kamieniami o \u015brednicy oko\u0142o 3,00 mm i 2,00 mm. Waga jest skorelowana z rozmiarem, przy rozmiarze 17 waga z\u0142ota w pier\u015bcionku wynosi 2,12 grama.<\/p>\n<p>_x000D_<\/p>\n","protected":false},"excerpt":{"rendered":"<p>Delikatny pier\u015bcionek z rodowanego bia\u0142ego z\u0142ota. Pier\u015bcionek jest wysadzany kamieniami o \u015brednicy oko\u0142o 3,00 mm i 2,00 mm. Waga jest skorelowana z rozmiarem, przy rozmiarze 17 waga z\u0142ota w pier\u015bcionku wynosi 2,12 grama. _x000D_<\/p>\n","protected":false},"featured_media":44358,"template":"","meta":{"_acf_changed":false},"product_brand":[],"product_cat":[523,524,527],"product_tag":[],"class_list":{"0":"post-44357","1":"product","2":"type-product","3":"status-publish","4":"has-post-thumbnail","6":"product_cat-engagement-rings-pl","7":"product_cat-engagement-rings-with-diamonds-pl","8":"product_cat-white-gold-engagement-rings-pl","10":"first","11":"instock","12":"product-type-simple"},"acf":[],"_links":{"self":[{"href":"https:\/\/zl.jewelry\/pl\/wp-json\/wp\/v2\/product\/44357","targetHints":{"allow":["GET"]}}],"collection":[{"href":"https:\/\/zl.jewelry\/pl\/wp-json\/wp\/v2\/product"}],"about":[{"href":"https:\/\/zl.jewelry\/pl\/wp-json\/wp\/v2\/types\/product"}],"wp:featuredmedia":[{"embeddable":true,"href":"https:\/\/zl.jewelry\/pl\/wp-json\/wp\/v2\/media\/44358"}],"wp:attachment":[{"href":"https:\/\/zl.jewelry\/pl\/wp-json\/wp\/v2\/media?parent=44357"}],"wp:term":[{"taxonomy":"product_brand","embeddable":true,"href":"https:\/\/zl.jewelry\/pl\/wp-json\/wp\/v2\/product_brand?post=44357"},{"taxonomy":"product_cat","embeddable":true,"href":"https:\/\/zl.jewelry\/pl\/wp-json\/wp\/v2\/product_cat?post=44357"},{"taxonomy":"product_tag","embeddable":true,"href":"https:\/\/zl.jewelry\/pl\/wp-json\/wp\/v2\/product_tag?post=44357"}],"curies":[{"name":"wp","href":"https:\/\/api.w.org\/{rel}","templated":true}]}}