{"id":44351,"date":"2025-06-18T10:59:32","date_gmt":"2025-06-18T10:59:32","guid":{"rendered":"https:\/\/zl.jewelry\/product\/lion-pendant\/"},"modified":"2025-09-26T18:30:13","modified_gmt":"2025-09-26T18:30:13","slug":"lion-pendant","status":"publish","type":"product","link":"https:\/\/zl.jewelry\/pl\/product\/lion-pendant\/","title":{"rendered":"Wisiorek &#8222;Lew&#8221;"},"content":{"rendered":"<p>Wisiorek wykonany z czerwonego z\u0142ota pr&oacute;by 585* o wadze 8,51 grama. Wysoko\u015b\u0107 wisiorka to 17mm, ze \u015bci\u0119tymi kraw\u0119dziami, z przodu&nbsp; obszerny dla zodiakalnego lwa, wok&oacute;\u0142 niego czarna emalia. Tylna strona jest g\u0142adka. Ucho jest wzorzyste i emaliowane.<\/p>\n<p>_x000D_<\/p>\n","protected":false},"excerpt":{"rendered":"<p>Wisiorek wykonany z czerwonego z\u0142ota pr&oacute;by 585* o wadze 8,51 grama. Wysoko\u015b\u0107 wisiorka to 17mm, ze \u015bci\u0119tymi kraw\u0119dziami, z przodu&nbsp; obszerny dla zodiakalnego lwa, wok&oacute;\u0142 niego czarna emalia. Tylna strona jest g\u0142adka. Ucho jest wzorzyste i emaliowane. _x000D_<\/p>\n","protected":false},"featured_media":44352,"template":"","meta":{"_acf_changed":false},"product_brand":[],"product_cat":[563,568],"product_tag":[],"class_list":{"0":"post-44351","1":"product","2":"type-product","3":"status-publish","4":"has-post-thumbnail","6":"product_cat-gold-pendants-pl","7":"product_cat-without-inserts-2-pl","9":"first","10":"instock","11":"product-type-simple"},"acf":[],"_links":{"self":[{"href":"https:\/\/zl.jewelry\/pl\/wp-json\/wp\/v2\/product\/44351","targetHints":{"allow":["GET"]}}],"collection":[{"href":"https:\/\/zl.jewelry\/pl\/wp-json\/wp\/v2\/product"}],"about":[{"href":"https:\/\/zl.jewelry\/pl\/wp-json\/wp\/v2\/types\/product"}],"wp:featuredmedia":[{"embeddable":true,"href":"https:\/\/zl.jewelry\/pl\/wp-json\/wp\/v2\/media\/44352"}],"wp:attachment":[{"href":"https:\/\/zl.jewelry\/pl\/wp-json\/wp\/v2\/media?parent=44351"}],"wp:term":[{"taxonomy":"product_brand","embeddable":true,"href":"https:\/\/zl.jewelry\/pl\/wp-json\/wp\/v2\/product_brand?post=44351"},{"taxonomy":"product_cat","embeddable":true,"href":"https:\/\/zl.jewelry\/pl\/wp-json\/wp\/v2\/product_cat?post=44351"},{"taxonomy":"product_tag","embeddable":true,"href":"https:\/\/zl.jewelry\/pl\/wp-json\/wp\/v2\/product_tag?post=44351"}],"curies":[{"name":"wp","href":"https:\/\/api.w.org\/{rel}","templated":true}]}}