{"id":44349,"date":"2025-06-18T10:59:32","date_gmt":"2025-06-18T10:59:32","guid":{"rendered":"https:\/\/zl.jewelry\/product\/unstoppable-force-pendant\/"},"modified":"2025-09-26T18:30:13","modified_gmt":"2025-09-26T18:30:13","slug":"unstoppable-force-pendant","status":"publish","type":"product","link":"https:\/\/zl.jewelry\/pl\/product\/unstoppable-force-pendant\/","title":{"rendered":"Wisiorek \u201eFierce Power\u201d"},"content":{"rendered":"<p>Wisiorek wykonany ze z\u0142ota pr\u00f3by 585* w kolorze cytrynowym, o wadze 25,86 grama. \u015arednica wisiorka z uszkiem 50mm.&nbsp; Wisiorek z niello, podstawa czarny agat. Po jednej stronie znajduje si\u0119 Gwiazda Dawida, a po dplgiej Taupls. Z boku znajduj\u0105 si\u0119 wzory.&nbsp;<\/nbsp;<\/p>\n<p>.<\/p>\n","protected":false},"excerpt":{"rendered":"<p>Wisiorek wykonany ze z\u0142ota pr\u00f3by 585* w kolorze cytrynowym, o wadze 25,86 grama. \u015arednica wisiorka z uszkiem 50mm.&nbsp; Wisiorek z niello, podstawa czarny agat. Po jednej stronie znajduje si\u0119 Gwiazda Dawida, a po dplgiej Taupls. Z boku znajduj\u0105 si\u0119 wzory.&nbsp;<\/p>\n","protected":false},"featured_media":44350,"template":"","meta":{"_acf_changed":false},"product_brand":[],"product_cat":[563,568],"product_tag":[],"class_list":{"0":"post-44349","1":"product","2":"type-product","3":"status-publish","4":"has-post-thumbnail","6":"product_cat-gold-pendants-pl","7":"product_cat-without-inserts-2-pl","9":"first","10":"instock","11":"product-type-simple"},"acf":[],"_links":{"self":[{"href":"https:\/\/zl.jewelry\/pl\/wp-json\/wp\/v2\/product\/44349","targetHints":{"allow":["GET"]}}],"collection":[{"href":"https:\/\/zl.jewelry\/pl\/wp-json\/wp\/v2\/product"}],"about":[{"href":"https:\/\/zl.jewelry\/pl\/wp-json\/wp\/v2\/types\/product"}],"wp:featuredmedia":[{"embeddable":true,"href":"https:\/\/zl.jewelry\/pl\/wp-json\/wp\/v2\/media\/44350"}],"wp:attachment":[{"href":"https:\/\/zl.jewelry\/pl\/wp-json\/wp\/v2\/media?parent=44349"}],"wp:term":[{"taxonomy":"product_brand","embeddable":true,"href":"https:\/\/zl.jewelry\/pl\/wp-json\/wp\/v2\/product_brand?post=44349"},{"taxonomy":"product_cat","embeddable":true,"href":"https:\/\/zl.jewelry\/pl\/wp-json\/wp\/v2\/product_cat?post=44349"},{"taxonomy":"product_tag","embeddable":true,"href":"https:\/\/zl.jewelry\/pl\/wp-json\/wp\/v2\/product_tag?post=44349"}],"curies":[{"name":"wp","href":"https:\/\/api.w.org\/{rel}","templated":true}]}}