{"id":44341,"date":"2025-06-18T10:59:38","date_gmt":"2025-06-18T10:59:38","guid":{"rendered":"https:\/\/zl.jewelry\/product\/chain-with-red-gold-flying-inlays\/"},"modified":"2025-09-26T18:30:19","modified_gmt":"2025-09-26T18:30:19","slug":"chain-with-red-gold-flying-inlays","status":"publish","type":"product","link":"https:\/\/zl.jewelry\/pl\/product\/chain-with-red-gold-flying-inlays\/","title":{"rendered":"\u0141a\u0144cuszek z lataj\u0105cymi wstawkami z czerwonego z\u0142ota"},"content":{"rendered":"","protected":false},"excerpt":{"rendered":"","protected":false},"featured_media":50439,"template":"","meta":{"_acf_changed":false},"product_brand":[],"product_cat":[490,495,494],"product_tag":[],"class_list":{"0":"post-44341","1":"product","2":"type-product","3":"status-publish","4":"has-post-thumbnail","6":"product_cat-gold-chains","7":"product_cat-gold-chains-up-to-50-gr-pl","8":"product_cat-womens-chains-pl","10":"first","11":"instock","12":"product-type-simple"},"acf":[],"_links":{"self":[{"href":"https:\/\/zl.jewelry\/pl\/wp-json\/wp\/v2\/product\/44341","targetHints":{"allow":["GET"]}}],"collection":[{"href":"https:\/\/zl.jewelry\/pl\/wp-json\/wp\/v2\/product"}],"about":[{"href":"https:\/\/zl.jewelry\/pl\/wp-json\/wp\/v2\/types\/product"}],"wp:featuredmedia":[{"embeddable":true,"href":"https:\/\/zl.jewelry\/pl\/wp-json\/wp\/v2\/media\/50439"}],"wp:attachment":[{"href":"https:\/\/zl.jewelry\/pl\/wp-json\/wp\/v2\/media?parent=44341"}],"wp:term":[{"taxonomy":"product_brand","embeddable":true,"href":"https:\/\/zl.jewelry\/pl\/wp-json\/wp\/v2\/product_brand?post=44341"},{"taxonomy":"product_cat","embeddable":true,"href":"https:\/\/zl.jewelry\/pl\/wp-json\/wp\/v2\/product_cat?post=44341"},{"taxonomy":"product_tag","embeddable":true,"href":"https:\/\/zl.jewelry\/pl\/wp-json\/wp\/v2\/product_tag?post=44341"}],"curies":[{"name":"wp","href":"https:\/\/api.w.org\/{rel}","templated":true}]}}