{"id":44337,"date":"2025-06-18T10:59:38","date_gmt":"2025-06-18T10:59:38","guid":{"rendered":"https:\/\/zl.jewelry\/product\/hands-and-feet-ring\/"},"modified":"2025-09-26T18:30:19","modified_gmt":"2025-09-26T18:30:19","slug":"hands-and-feet-ring","status":"publish","type":"product","link":"https:\/\/zl.jewelry\/pl\/product\/hands-and-feet-ring\/","title":{"rendered":"Pier\u015bcionek \u201eD\u0142onie i stopy\u201d"},"content":{"rendered":"<p>Pier\u015bcionek w kolorze czerwonego z\u0142ota z uchwytem i \u0142odyg\u0105, waga zmienia si\u0119 w zale\u017cno\u015bci od rozmiapl, przy rozmiarze 17 waga wynosi 4,35 grama. Osadzone&nbsp;kamienie o \u015brednicach&nbsp; 2.00mm (2szt); 1.50mm (17szt).&nbsp;&nbsp;<\/p>\n","protected":false},"excerpt":{"rendered":"<p>Pier\u015bcionek w kolorze czerwonego z\u0142ota z uchwytem i \u0142odyg\u0105, waga zmienia si\u0119 w zale\u017cno\u015bci od rozmiapl, przy rozmiarze 17 waga wynosi 4,35 grama. Osadzone&nbsp;kamienie o \u015brednicach&nbsp; 2.00mm (2szt); 1.50mm (17szt).&nbsp;&nbsp;<\/p>\n","protected":false},"featured_media":44338,"template":"","meta":{"_acf_changed":false},"product_brand":[],"product_cat":[514,518,519,522],"product_tag":[],"class_list":{"0":"post-44337","1":"product","2":"type-product","3":"status-publish","4":"has-post-thumbnail","6":"product_cat-golden-rings-pl","7":"product_cat-red-gold-rings-pl","8":"product_cat-rings-with-diamonds-pl","9":"product_cat-with-rocks-pl","11":"first","12":"instock","13":"product-type-simple"},"acf":[],"_links":{"self":[{"href":"https:\/\/zl.jewelry\/pl\/wp-json\/wp\/v2\/product\/44337","targetHints":{"allow":["GET"]}}],"collection":[{"href":"https:\/\/zl.jewelry\/pl\/wp-json\/wp\/v2\/product"}],"about":[{"href":"https:\/\/zl.jewelry\/pl\/wp-json\/wp\/v2\/types\/product"}],"wp:featuredmedia":[{"embeddable":true,"href":"https:\/\/zl.jewelry\/pl\/wp-json\/wp\/v2\/media\/44338"}],"wp:attachment":[{"href":"https:\/\/zl.jewelry\/pl\/wp-json\/wp\/v2\/media?parent=44337"}],"wp:term":[{"taxonomy":"product_brand","embeddable":true,"href":"https:\/\/zl.jewelry\/pl\/wp-json\/wp\/v2\/product_brand?post=44337"},{"taxonomy":"product_cat","embeddable":true,"href":"https:\/\/zl.jewelry\/pl\/wp-json\/wp\/v2\/product_cat?post=44337"},{"taxonomy":"product_tag","embeddable":true,"href":"https:\/\/zl.jewelry\/pl\/wp-json\/wp\/v2\/product_tag?post=44337"}],"curies":[{"name":"wp","href":"https:\/\/api.w.org\/{rel}","templated":true}]}}