{"id":44331,"date":"2025-06-18T10:59:38","date_gmt":"2025-06-18T10:59:38","guid":{"rendered":"https:\/\/zl.jewelry\/product\/domino-chain-in-red-gold\/"},"modified":"2025-09-26T18:30:22","modified_gmt":"2025-09-26T18:30:22","slug":"domino-chain-in-red-gold","status":"publish","type":"product","link":"https:\/\/zl.jewelry\/pl\/product\/domino-chain-in-red-gold\/","title":{"rendered":"\u0141a\u0144cuszek &#8222;Domino&#8221; z czerwonego z\u0142ota"},"content":{"rendered":"<p>\u0141a\u0144cuch z czerwonego z\u0142ota, pokryty czarn\u0105 emali\u0105 i z okre\u015blon\u0105 sekwencj\u0105, lataj\u0105cy \u0142a\u0144cuch. Zamek jest pude\u0142kowy, klasyczny, z pojedynczym zabezpieczeniem. Waga zale\u017cy od rozmiapl bi\u017cuterii. Wz&oacute;r bi\u017cuterii mo\u017cna zmieni\u0107 zgodnie z \u017cyczeniem klienta.&nbsp;<\/p>\n<p>_x000D_<br \/>\n_x000D_<\/p>\n<p>&nbsp;<\/p>\n<p>_x000D_<\/p>\n","protected":false},"excerpt":{"rendered":"<p>\u0141a\u0144cuch z czerwonego z\u0142ota, pokryty czarn\u0105 emali\u0105 i z okre\u015blon\u0105 sekwencj\u0105, lataj\u0105cy \u0142a\u0144cuch. Zamek jest pude\u0142kowy, klasyczny, z pojedynczym zabezpieczeniem. Waga zale\u017cy od rozmiapl bi\u017cuterii. Wz&oacute;r bi\u017cuterii mo\u017cna zmieni\u0107 zgodnie z \u017cyczeniem klienta.&nbsp; _x000D_ _x000D_ &nbsp; _x000D_<\/p>\n","protected":false},"featured_media":50369,"template":"","meta":{"_acf_changed":false},"product_brand":[],"product_cat":[490,492,493],"product_tag":[],"class_list":{"0":"post-44331","1":"product","2":"type-product","3":"status-publish","4":"has-post-thumbnail","6":"product_cat-gold-chains","7":"product_cat-gold-chain-from-50-gr-pl","8":"product_cat-mens-chains-pl","10":"first","11":"instock","12":"product-type-simple"},"acf":[],"_links":{"self":[{"href":"https:\/\/zl.jewelry\/pl\/wp-json\/wp\/v2\/product\/44331","targetHints":{"allow":["GET"]}}],"collection":[{"href":"https:\/\/zl.jewelry\/pl\/wp-json\/wp\/v2\/product"}],"about":[{"href":"https:\/\/zl.jewelry\/pl\/wp-json\/wp\/v2\/types\/product"}],"wp:featuredmedia":[{"embeddable":true,"href":"https:\/\/zl.jewelry\/pl\/wp-json\/wp\/v2\/media\/50369"}],"wp:attachment":[{"href":"https:\/\/zl.jewelry\/pl\/wp-json\/wp\/v2\/media?parent=44331"}],"wp:term":[{"taxonomy":"product_brand","embeddable":true,"href":"https:\/\/zl.jewelry\/pl\/wp-json\/wp\/v2\/product_brand?post=44331"},{"taxonomy":"product_cat","embeddable":true,"href":"https:\/\/zl.jewelry\/pl\/wp-json\/wp\/v2\/product_cat?post=44331"},{"taxonomy":"product_tag","embeddable":true,"href":"https:\/\/zl.jewelry\/pl\/wp-json\/wp\/v2\/product_tag?post=44331"}],"curies":[{"name":"wp","href":"https:\/\/api.w.org\/{rel}","templated":true}]}}