{"id":44329,"date":"2025-06-18T10:59:38","date_gmt":"2025-06-18T10:59:38","guid":{"rendered":"https:\/\/zl.jewelry\/product\/corypheus-chain-in-red-and-white-gold\/"},"modified":"2026-04-24T13:05:33","modified_gmt":"2026-04-24T13:05:33","slug":"corypheus-chain-in-red-and-white-gold","status":"publish","type":"product","link":"https:\/\/zl.jewelry\/pl\/product\/corypheus-chain-in-red-and-white-gold\/","title":{"rendered":"\u0141a\u0144cuch &#8222;Koryfeusz&#8221; z czerwonego i bia\u0142ego z\u0142ota"},"content":{"rendered":"<section class=\"l-section wpb_row height_small\"><div class=\"l-section-h i-cf\"><div class=\"g-cols vc_row via_flex valign_top type_default stacking_default\"><div class=\"vc_col-sm-12 wpb_column vc_column_container\"><div class=\"vc_column-inner\"><div class=\"wpb_wrapper\"><div class=\"wpb_text_column\"><div class=\"wpb_wrapper\"><p>\u0141a\u0144cuszek w kombinacji kolor\u00f3w z\u0142otego, czerwonego i bia\u0142ego 585. Kulki z bia\u0142ego z\u0142ota pokryte rodem, geometryczne ogniwa z czerwonego z\u0142ota, d\u0142ugo\u015b\u0107 ogniw 21,5 mm. Waga r\u00f3\u017cni si\u0119 w zale\u017cno\u015bci od d\u0142ugo\u015bci.<\/p>\n<\/div><\/div><\/div><\/div><\/div><\/div><\/div><\/section>\n","protected":false},"excerpt":{"rendered":"\u0141a\u0144cuszek w kombinacji kolor\u00f3w z\u0142otego, czerwonego i bia\u0142ego 585. Kulki z bia\u0142ego z\u0142ota pokryte rodem, geometryczne ogniwa z czerwonego z\u0142ota, d\u0142ugo\u015b\u0107 ogniw 21,5 mm. Waga r\u00f3\u017cni si\u0119 w zale\u017cno\u015bci od d\u0142ugo\u015bci.","protected":false},"featured_media":50375,"template":"","meta":{"_acf_changed":false},"product_brand":[],"product_cat":[493,490,492],"product_tag":[],"class_list":{"0":"post-44329","1":"product","2":"type-product","3":"status-publish","4":"has-post-thumbnail","6":"product_cat-mens-chains-pl","7":"product_cat-gold-chains","8":"product_cat-gold-chain-from-50-gr-pl","10":"first","11":"instock","12":"product-type-simple"},"acf":[],"_links":{"self":[{"href":"https:\/\/zl.jewelry\/pl\/wp-json\/wp\/v2\/product\/44329","targetHints":{"allow":["GET"]}}],"collection":[{"href":"https:\/\/zl.jewelry\/pl\/wp-json\/wp\/v2\/product"}],"about":[{"href":"https:\/\/zl.jewelry\/pl\/wp-json\/wp\/v2\/types\/product"}],"wp:featuredmedia":[{"embeddable":true,"href":"https:\/\/zl.jewelry\/pl\/wp-json\/wp\/v2\/media\/50375"}],"wp:attachment":[{"href":"https:\/\/zl.jewelry\/pl\/wp-json\/wp\/v2\/media?parent=44329"}],"wp:term":[{"taxonomy":"product_brand","embeddable":true,"href":"https:\/\/zl.jewelry\/pl\/wp-json\/wp\/v2\/product_brand?post=44329"},{"taxonomy":"product_cat","embeddable":true,"href":"https:\/\/zl.jewelry\/pl\/wp-json\/wp\/v2\/product_cat?post=44329"},{"taxonomy":"product_tag","embeddable":true,"href":"https:\/\/zl.jewelry\/pl\/wp-json\/wp\/v2\/product_tag?post=44329"}],"curies":[{"name":"wp","href":"https:\/\/api.w.org\/{rel}","templated":true}]}}