{"id":44327,"date":"2025-06-18T10:59:38","date_gmt":"2025-06-18T10:59:38","guid":{"rendered":"https:\/\/zl.jewelry\/product\/elements-chain\/"},"modified":"2025-09-26T18:30:22","modified_gmt":"2025-09-26T18:30:22","slug":"elements-chain","status":"publish","type":"product","link":"https:\/\/zl.jewelry\/pl\/product\/elements-chain\/","title":{"rendered":"\u0141a\u0144cuch \u201e\u017bywio\u0142y"},"content":{"rendered":"<p>\u0141a\u0144cuszek w kolorze czerwonego i bia\u0142ego z\u0142ota pr\u00f3by 585*. Waga r\u00f3\u017cni si\u0119 w zale\u017cno\u015bci od d\u0142ugo\u015bci. Litery na ogniwach z bia\u0142ego z\u0142ota, pokryte rodem. Zapi\u0119cie okr\u0105g\u0142e, zako\u0144czenia w formie czaszek. Wstawki pokryte niello.<\/p>\n","protected":false},"excerpt":{"rendered":"<p>\u0141a\u0144cuszek w kolorze czerwonego i bia\u0142ego z\u0142ota pr\u00f3by 585*. Waga r\u00f3\u017cni si\u0119 w zale\u017cno\u015bci od d\u0142ugo\u015bci. Litery na ogniwach z bia\u0142ego z\u0142ota, pokryte rodem. Zapi\u0119cie okr\u0105g\u0142e, zako\u0144czenia w formie czaszek. Wstawki pokryte niello.<\/p>\n","protected":false},"featured_media":50379,"template":"","meta":{"_acf_changed":false},"product_brand":[],"product_cat":[490,492,493],"product_tag":[],"class_list":{"0":"post-44327","1":"product","2":"type-product","3":"status-publish","4":"has-post-thumbnail","6":"product_cat-gold-chains","7":"product_cat-gold-chain-from-50-gr-pl","8":"product_cat-mens-chains-pl","10":"first","11":"instock","12":"product-type-simple"},"acf":[],"_links":{"self":[{"href":"https:\/\/zl.jewelry\/pl\/wp-json\/wp\/v2\/product\/44327","targetHints":{"allow":["GET"]}}],"collection":[{"href":"https:\/\/zl.jewelry\/pl\/wp-json\/wp\/v2\/product"}],"about":[{"href":"https:\/\/zl.jewelry\/pl\/wp-json\/wp\/v2\/types\/product"}],"wp:featuredmedia":[{"embeddable":true,"href":"https:\/\/zl.jewelry\/pl\/wp-json\/wp\/v2\/media\/50379"}],"wp:attachment":[{"href":"https:\/\/zl.jewelry\/pl\/wp-json\/wp\/v2\/media?parent=44327"}],"wp:term":[{"taxonomy":"product_brand","embeddable":true,"href":"https:\/\/zl.jewelry\/pl\/wp-json\/wp\/v2\/product_brand?post=44327"},{"taxonomy":"product_cat","embeddable":true,"href":"https:\/\/zl.jewelry\/pl\/wp-json\/wp\/v2\/product_cat?post=44327"},{"taxonomy":"product_tag","embeddable":true,"href":"https:\/\/zl.jewelry\/pl\/wp-json\/wp\/v2\/product_tag?post=44327"}],"curies":[{"name":"wp","href":"https:\/\/api.w.org\/{rel}","templated":true}]}}