{"id":44325,"date":"2025-06-18T10:59:38","date_gmt":"2025-06-18T10:59:38","guid":{"rendered":"https:\/\/zl.jewelry\/product\/patriot-chain\/"},"modified":"2025-09-26T18:30:22","modified_gmt":"2025-09-26T18:30:22","slug":"patriot-chain","status":"publish","type":"product","link":"https:\/\/zl.jewelry\/pl\/product\/patriot-chain\/","title":{"rendered":"\u0141a\u0144cuch &#8222;Patriot&#8221;"},"content":{"rendered":"<p>\u0141a\u0144cuch w po\u0142\u0105czonym kolorze czerwonego i bia\u0142ego z\u0142ota 585*.&nbsp; Na \u0142a\u0144cuchu znajduj\u0105 si\u0119 tabliczki z graweplnkiem, umieszczone 15 cm poni\u017cej zamka. Zamek ma kszta\u0142t sze\u015bciok\u0105ta, z wk\u0142adk\u0105 z fianitu o \u015brednicy 1,5 mm. Wstawki z rodowanego bia\u0142ego z\u0142ota. Waga r&oacute;\u017cni si\u0119 w zale\u017cno\u015bci od d\u0142ugo\u015bci.<\/p>\n<p>_x000D_<\/p>\n","protected":false},"excerpt":{"rendered":"<p>\u0141a\u0144cuch w po\u0142\u0105czonym kolorze czerwonego i bia\u0142ego z\u0142ota 585*.&nbsp; Na \u0142a\u0144cuchu znajduj\u0105 si\u0119 tabliczki z graweplnkiem, umieszczone 15 cm poni\u017cej zamka. Zamek ma kszta\u0142t sze\u015bciok\u0105ta, z wk\u0142adk\u0105 z fianitu o \u015brednicy 1,5 mm. Wstawki z rodowanego bia\u0142ego z\u0142ota. Waga r&oacute;\u017cni si\u0119 w zale\u017cno\u015bci od d\u0142ugo\u015bci. _x000D_<\/p>\n","protected":false},"featured_media":50385,"template":"","meta":{"_acf_changed":false},"product_brand":[],"product_cat":[490,495,493,494],"product_tag":[],"class_list":{"0":"post-44325","1":"product","2":"type-product","3":"status-publish","4":"has-post-thumbnail","6":"product_cat-gold-chains","7":"product_cat-gold-chains-up-to-50-gr-pl","8":"product_cat-mens-chains-pl","9":"product_cat-womens-chains-pl","11":"first","12":"instock","13":"product-type-simple"},"acf":[],"_links":{"self":[{"href":"https:\/\/zl.jewelry\/pl\/wp-json\/wp\/v2\/product\/44325","targetHints":{"allow":["GET"]}}],"collection":[{"href":"https:\/\/zl.jewelry\/pl\/wp-json\/wp\/v2\/product"}],"about":[{"href":"https:\/\/zl.jewelry\/pl\/wp-json\/wp\/v2\/types\/product"}],"wp:featuredmedia":[{"embeddable":true,"href":"https:\/\/zl.jewelry\/pl\/wp-json\/wp\/v2\/media\/50385"}],"wp:attachment":[{"href":"https:\/\/zl.jewelry\/pl\/wp-json\/wp\/v2\/media?parent=44325"}],"wp:term":[{"taxonomy":"product_brand","embeddable":true,"href":"https:\/\/zl.jewelry\/pl\/wp-json\/wp\/v2\/product_brand?post=44325"},{"taxonomy":"product_cat","embeddable":true,"href":"https:\/\/zl.jewelry\/pl\/wp-json\/wp\/v2\/product_cat?post=44325"},{"taxonomy":"product_tag","embeddable":true,"href":"https:\/\/zl.jewelry\/pl\/wp-json\/wp\/v2\/product_tag?post=44325"}],"curies":[{"name":"wp","href":"https:\/\/api.w.org\/{rel}","templated":true}]}}