{"id":44323,"date":"2025-06-18T10:59:38","date_gmt":"2025-06-18T10:59:38","guid":{"rendered":"https:\/\/zl.jewelry\/product\/ornaments-of-greece-chain\/"},"modified":"2025-09-26T18:30:21","modified_gmt":"2025-09-26T18:30:21","slug":"ornaments-of-greece-chain","status":"publish","type":"product","link":"https:\/\/zl.jewelry\/pl\/product\/ornaments-of-greece-chain\/","title":{"rendered":"\u0141a\u0144cuch &#8222;Ornaments of Greece&#8221;"},"content":{"rendered":"<p>Czerwony z\u0142oty \u0142a\u0144cuch, flyaway, z greckimi inkplstacjami niesko\u0144czono\u015bci. Zamek jest pude\u0142kiem z pojedynczym zamkiem i ma kszta\u0142t ogniwa. Wz&oacute;r mo\u017cna zmieni\u0107 zgodnie z \u017cyczeniem klienta. Waga jest w stosunku do rozmiapl.<\/p>\n<p>_x000D_<\/p>\n","protected":false},"excerpt":{"rendered":"<p>Czerwony z\u0142oty \u0142a\u0144cuch, flyaway, z greckimi inkplstacjami niesko\u0144czono\u015bci. Zamek jest pude\u0142kiem z pojedynczym zamkiem i ma kszta\u0142t ogniwa. Wz&oacute;r mo\u017cna zmieni\u0107 zgodnie z \u017cyczeniem klienta. Waga jest w stosunku do rozmiapl. _x000D_<\/p>\n","protected":false},"featured_media":50389,"template":"","meta":{"_acf_changed":false},"product_brand":[],"product_cat":[490,492,493],"product_tag":[],"class_list":{"0":"post-44323","1":"product","2":"type-product","3":"status-publish","4":"has-post-thumbnail","6":"product_cat-gold-chains","7":"product_cat-gold-chain-from-50-gr-pl","8":"product_cat-mens-chains-pl","10":"first","11":"instock","12":"product-type-simple"},"acf":[],"_links":{"self":[{"href":"https:\/\/zl.jewelry\/pl\/wp-json\/wp\/v2\/product\/44323","targetHints":{"allow":["GET"]}}],"collection":[{"href":"https:\/\/zl.jewelry\/pl\/wp-json\/wp\/v2\/product"}],"about":[{"href":"https:\/\/zl.jewelry\/pl\/wp-json\/wp\/v2\/types\/product"}],"wp:featuredmedia":[{"embeddable":true,"href":"https:\/\/zl.jewelry\/pl\/wp-json\/wp\/v2\/media\/50389"}],"wp:attachment":[{"href":"https:\/\/zl.jewelry\/pl\/wp-json\/wp\/v2\/media?parent=44323"}],"wp:term":[{"taxonomy":"product_brand","embeddable":true,"href":"https:\/\/zl.jewelry\/pl\/wp-json\/wp\/v2\/product_brand?post=44323"},{"taxonomy":"product_cat","embeddable":true,"href":"https:\/\/zl.jewelry\/pl\/wp-json\/wp\/v2\/product_cat?post=44323"},{"taxonomy":"product_tag","embeddable":true,"href":"https:\/\/zl.jewelry\/pl\/wp-json\/wp\/v2\/product_tag?post=44323"}],"curies":[{"name":"wp","href":"https:\/\/api.w.org\/{rel}","templated":true}]}}