{"id":44321,"date":"2025-06-18T10:59:38","date_gmt":"2025-06-18T10:59:38","guid":{"rendered":"https:\/\/zl.jewelry\/product\/chain-in-combination-of-metals\/"},"modified":"2025-09-26T18:30:21","modified_gmt":"2025-09-26T18:30:21","slug":"chain-in-combination-of-metals","status":"publish","type":"product","link":"https:\/\/zl.jewelry\/pl\/product\/chain-in-combination-of-metals\/","title":{"rendered":"\u0141a\u0144cuch w kombinacji metali"},"content":{"rendered":"<p>\u0141a\u0144cuszek o splocie sko\u015bnym, w dw\u00f3ch kolorach z\u0142ota na przemian, cytrynowym i bia\u0142ym, detale z rodowanego bia\u0142ego z\u0142ota. Waga elementu zale\u017cy od d\u0142ugo\u015bci bi\u017cuterii. Zamkni\u0119cie ma kszta\u0142t prostok\u0105ta, z pojedynczym mechanizmem blokuj\u0105cym.<\/p>\n","protected":false},"excerpt":{"rendered":"<p>\u0141a\u0144cuszek o splocie sko\u015bnym, w dw\u00f3ch kolorach z\u0142ota na przemian, cytrynowym i bia\u0142ym, detale z rodowanego bia\u0142ego z\u0142ota. Waga elementu zale\u017cy od d\u0142ugo\u015bci bi\u017cuterii. Zamkni\u0119cie ma kszta\u0142t prostok\u0105ta, z pojedynczym mechanizmem blokuj\u0105cym.<\/p>\n","protected":false},"featured_media":50397,"template":"","meta":{"_acf_changed":false},"product_brand":[],"product_cat":[490,495,493,494],"product_tag":[],"class_list":{"0":"post-44321","1":"product","2":"type-product","3":"status-publish","4":"has-post-thumbnail","6":"product_cat-gold-chains","7":"product_cat-gold-chains-up-to-50-gr-pl","8":"product_cat-mens-chains-pl","9":"product_cat-womens-chains-pl","11":"first","12":"instock","13":"product-type-simple"},"acf":[],"_links":{"self":[{"href":"https:\/\/zl.jewelry\/pl\/wp-json\/wp\/v2\/product\/44321","targetHints":{"allow":["GET"]}}],"collection":[{"href":"https:\/\/zl.jewelry\/pl\/wp-json\/wp\/v2\/product"}],"about":[{"href":"https:\/\/zl.jewelry\/pl\/wp-json\/wp\/v2\/types\/product"}],"wp:featuredmedia":[{"embeddable":true,"href":"https:\/\/zl.jewelry\/pl\/wp-json\/wp\/v2\/media\/50397"}],"wp:attachment":[{"href":"https:\/\/zl.jewelry\/pl\/wp-json\/wp\/v2\/media?parent=44321"}],"wp:term":[{"taxonomy":"product_brand","embeddable":true,"href":"https:\/\/zl.jewelry\/pl\/wp-json\/wp\/v2\/product_brand?post=44321"},{"taxonomy":"product_cat","embeddable":true,"href":"https:\/\/zl.jewelry\/pl\/wp-json\/wp\/v2\/product_cat?post=44321"},{"taxonomy":"product_tag","embeddable":true,"href":"https:\/\/zl.jewelry\/pl\/wp-json\/wp\/v2\/product_tag?post=44321"}],"curies":[{"name":"wp","href":"https:\/\/api.w.org\/{rel}","templated":true}]}}