{"id":44319,"date":"2025-06-18T10:59:38","date_gmt":"2025-06-18T10:59:38","guid":{"rendered":"https:\/\/zl.jewelry\/product\/foxtail-chain-with-lock-box\/"},"modified":"2026-03-18T11:09:46","modified_gmt":"2026-03-18T11:09:46","slug":"foxtail-chain-with-lock-box","status":"publish","type":"product","link":"https:\/\/zl.jewelry\/pl\/product\/foxtail-chain-with-lock-box\/","title":{"rendered":"Czerwony z\u0142oty \u0142a\u0144cuszek z zamkiem pude\u0142kowym"},"content":{"rendered":"<p>Hand-plated chain called &#8222;Byzantine Weave&#8221;, &#8222;Fox Tail&#8221;, in red gold, with lock &#8211; box, with two clips. The weight is in the ratio of the length of the jewelry.<\/p>\n","protected":false},"excerpt":{"rendered":"<p>Hand-plated chain called &#8222;Byzantine Weave&#8221;, &#8222;Fox Tail&#8221;, in red gold, with lock &#8211; box, with two clips. The weight is in the ratio of the length of the jewelry.<\/p>\n","protected":false},"featured_media":44320,"template":"","meta":{"_acf_changed":false},"product_brand":[],"product_cat":[490,492,493],"product_tag":[],"class_list":{"0":"post-44319","1":"product","2":"type-product","3":"status-publish","4":"has-post-thumbnail","6":"product_cat-gold-chains","7":"product_cat-gold-chain-from-50-gr-pl","8":"product_cat-mens-chains-pl","10":"first","11":"instock","12":"product-type-simple"},"acf":[],"_links":{"self":[{"href":"https:\/\/zl.jewelry\/pl\/wp-json\/wp\/v2\/product\/44319","targetHints":{"allow":["GET"]}}],"collection":[{"href":"https:\/\/zl.jewelry\/pl\/wp-json\/wp\/v2\/product"}],"about":[{"href":"https:\/\/zl.jewelry\/pl\/wp-json\/wp\/v2\/types\/product"}],"wp:featuredmedia":[{"embeddable":true,"href":"https:\/\/zl.jewelry\/pl\/wp-json\/wp\/v2\/media\/44320"}],"wp:attachment":[{"href":"https:\/\/zl.jewelry\/pl\/wp-json\/wp\/v2\/media?parent=44319"}],"wp:term":[{"taxonomy":"product_brand","embeddable":true,"href":"https:\/\/zl.jewelry\/pl\/wp-json\/wp\/v2\/product_brand?post=44319"},{"taxonomy":"product_cat","embeddable":true,"href":"https:\/\/zl.jewelry\/pl\/wp-json\/wp\/v2\/product_cat?post=44319"},{"taxonomy":"product_tag","embeddable":true,"href":"https:\/\/zl.jewelry\/pl\/wp-json\/wp\/v2\/product_tag?post=44319"}],"curies":[{"name":"wp","href":"https:\/\/api.w.org\/{rel}","templated":true}]}}