{"id":44315,"date":"2025-06-18T10:59:38","date_gmt":"2025-06-18T10:59:38","guid":{"rendered":"https:\/\/zl.jewelry\/product\/zodiac-chain-capricorn\/"},"modified":"2025-09-26T18:30:21","modified_gmt":"2025-09-26T18:30:21","slug":"zodiac-chain-capricorn","status":"publish","type":"product","link":"https:\/\/zl.jewelry\/pl\/product\/zodiac-chain-capricorn\/","title":{"rendered":"\u0141a\u0144cuszek zodiakalny &#8222;Kozioro\u017cec&#8221;"},"content":{"rendered":"<p>Lataj\u0105cy \u0142a\u0144cuszek, w po\u0142\u0105czeniu czerwonego i bia\u0142ego z\u0142ota. Waga jest proporcjonalna do d\u0142ugo\u015bci bi\u017cuterii. W \u0142a\u0144cuszku wyst\u0119puj\u0105 naprzemiennie trzy ogniwa w kolorze czerwonym, jedno w kolorze bia\u0142ym.&nbsp; Na ogniwach w kolorze czerwonym, o wi\u0119kszym rozmiarze znajduj\u0105 si\u0119 wzory, na ogniwach, kt&oacute;re wykonane s\u0105 z bia\u0142ego z\u0142ota wymodelowany jest gwiazdozbi&oacute;r Kozioro\u017cca. Zamek jest pude\u0142kiem z pojedynczym zamkiem, wymodelowanym tak, aby pasowa\u0142 do wzopl ogniw, jest wymodelowany znakiem zodiaku i inicja\u0142ami, podk\u0142adka pokryta jest czarn\u0105 emali\u0105.&nbsp;<\/p>\n<p>_x000D_<br \/>\n_x000D_<\/p>\n<p>.<\/p>\n<p>_x000D_<\/p>\n","protected":false},"excerpt":{"rendered":"<p>Lataj\u0105cy \u0142a\u0144cuszek, w po\u0142\u0105czeniu czerwonego i bia\u0142ego z\u0142ota. Waga jest proporcjonalna do d\u0142ugo\u015bci bi\u017cuterii. W \u0142a\u0144cuszku wyst\u0119puj\u0105 naprzemiennie trzy ogniwa w kolorze czerwonym, jedno w kolorze bia\u0142ym.&nbsp; Na ogniwach w kolorze czerwonym, o wi\u0119kszym rozmiarze znajduj\u0105 si\u0119 wzory, na ogniwach, kt&oacute;re wykonane s\u0105 z bia\u0142ego z\u0142ota wymodelowany jest gwiazdozbi&oacute;r Kozioro\u017cca. Zamek jest pude\u0142kiem z pojedynczym&#8230;<\/p>\n","protected":false},"featured_media":50411,"template":"","meta":{"_acf_changed":false},"product_brand":[],"product_cat":[490,492,493],"product_tag":[],"class_list":{"0":"post-44315","1":"product","2":"type-product","3":"status-publish","4":"has-post-thumbnail","6":"product_cat-gold-chains","7":"product_cat-gold-chain-from-50-gr-pl","8":"product_cat-mens-chains-pl","10":"first","11":"instock","12":"product-type-simple"},"acf":[],"_links":{"self":[{"href":"https:\/\/zl.jewelry\/pl\/wp-json\/wp\/v2\/product\/44315","targetHints":{"allow":["GET"]}}],"collection":[{"href":"https:\/\/zl.jewelry\/pl\/wp-json\/wp\/v2\/product"}],"about":[{"href":"https:\/\/zl.jewelry\/pl\/wp-json\/wp\/v2\/types\/product"}],"wp:featuredmedia":[{"embeddable":true,"href":"https:\/\/zl.jewelry\/pl\/wp-json\/wp\/v2\/media\/50411"}],"wp:attachment":[{"href":"https:\/\/zl.jewelry\/pl\/wp-json\/wp\/v2\/media?parent=44315"}],"wp:term":[{"taxonomy":"product_brand","embeddable":true,"href":"https:\/\/zl.jewelry\/pl\/wp-json\/wp\/v2\/product_brand?post=44315"},{"taxonomy":"product_cat","embeddable":true,"href":"https:\/\/zl.jewelry\/pl\/wp-json\/wp\/v2\/product_cat?post=44315"},{"taxonomy":"product_tag","embeddable":true,"href":"https:\/\/zl.jewelry\/pl\/wp-json\/wp\/v2\/product_tag?post=44315"}],"curies":[{"name":"wp","href":"https:\/\/api.w.org\/{rel}","templated":true}]}}