{"id":44311,"date":"2025-06-18T10:59:38","date_gmt":"2025-06-18T10:59:38","guid":{"rendered":"https:\/\/zl.jewelry\/product\/gemini-chain\/"},"modified":"2025-09-26T18:30:20","modified_gmt":"2025-09-26T18:30:20","slug":"gemini-chain","status":"publish","type":"product","link":"https:\/\/zl.jewelry\/pl\/product\/gemini-chain\/","title":{"rendered":"\u0141a\u0144cuszek &#8222;Gemini&#8221;"},"content":{"rendered":"<p>Unikatowy z\u0142oty \u0142a\u0144cuszek w kolorze czerwonego z\u0142ota. G\u0142&oacute;wne ogniwa s\u0105 wzorowane na bli\u017aniakach, a na po\u0142\u0105czonych ze sob\u0105 ogniwach znajduj\u0105 si\u0119 wzory. Zapi\u0119cie to zamek skrzynkowy z dwoma blokadami i spersonalizowanym grawerem. \u0141a\u0144cuch jest pokryty czernieniem. Waga jest zmienna w zale\u017cno\u015bci od wymiar&oacute;w, projekt mo\u017ce by\u0107 modyfikowany zgodnie z \u017cyczeniem klienta.<\/p>\n<p>_x000D_<\/p>\n","protected":false},"excerpt":{"rendered":"<p>Unikatowy z\u0142oty \u0142a\u0144cuszek w kolorze czerwonego z\u0142ota. G\u0142&oacute;wne ogniwa s\u0105 wzorowane na bli\u017aniakach, a na po\u0142\u0105czonych ze sob\u0105 ogniwach znajduj\u0105 si\u0119 wzory. Zapi\u0119cie to zamek skrzynkowy z dwoma blokadami i spersonalizowanym grawerem. \u0141a\u0144cuch jest pokryty czernieniem. Waga jest zmienna w zale\u017cno\u015bci od wymiar&oacute;w, projekt mo\u017ce by\u0107 modyfikowany zgodnie z \u017cyczeniem klienta. _x000D_<\/p>\n","protected":false},"featured_media":50419,"template":"","meta":{"_acf_changed":false},"product_brand":[],"product_cat":[490,492,493],"product_tag":[],"class_list":{"0":"post-44311","1":"product","2":"type-product","3":"status-publish","4":"has-post-thumbnail","6":"product_cat-gold-chains","7":"product_cat-gold-chain-from-50-gr-pl","8":"product_cat-mens-chains-pl","10":"first","11":"instock","12":"product-type-simple"},"acf":[],"_links":{"self":[{"href":"https:\/\/zl.jewelry\/pl\/wp-json\/wp\/v2\/product\/44311","targetHints":{"allow":["GET"]}}],"collection":[{"href":"https:\/\/zl.jewelry\/pl\/wp-json\/wp\/v2\/product"}],"about":[{"href":"https:\/\/zl.jewelry\/pl\/wp-json\/wp\/v2\/types\/product"}],"wp:featuredmedia":[{"embeddable":true,"href":"https:\/\/zl.jewelry\/pl\/wp-json\/wp\/v2\/media\/50419"}],"wp:attachment":[{"href":"https:\/\/zl.jewelry\/pl\/wp-json\/wp\/v2\/media?parent=44311"}],"wp:term":[{"taxonomy":"product_brand","embeddable":true,"href":"https:\/\/zl.jewelry\/pl\/wp-json\/wp\/v2\/product_brand?post=44311"},{"taxonomy":"product_cat","embeddable":true,"href":"https:\/\/zl.jewelry\/pl\/wp-json\/wp\/v2\/product_cat?post=44311"},{"taxonomy":"product_tag","embeddable":true,"href":"https:\/\/zl.jewelry\/pl\/wp-json\/wp\/v2\/product_tag?post=44311"}],"curies":[{"name":"wp","href":"https:\/\/api.w.org\/{rel}","templated":true}]}}