{"id":44309,"date":"2025-06-18T10:59:38","date_gmt":"2025-06-18T10:59:38","guid":{"rendered":"https:\/\/zl.jewelry\/product\/zodiac-chain\/"},"modified":"2026-04-24T11:39:51","modified_gmt":"2026-04-24T11:39:51","slug":"zodiac-chain","status":"publish","type":"product","link":"https:\/\/zl.jewelry\/pl\/product\/zodiac-chain\/","title":{"rendered":"\u0141a\u0144cuszek &#8222;Zodiak&#8221;"},"content":{"rendered":"<section class=\"l-section wpb_row height_small\"><div class=\"l-section-h i-cf\"><div class=\"g-cols vc_row via_flex valign_top type_default stacking_default\"><div class=\"vc_col-sm-12 wpb_column vc_column_container\"><div class=\"vc_column-inner\"><div class=\"wpb_wrapper\"><div class=\"wpb_text_column\"><div class=\"wpb_wrapper\"><p>Ekskluzywny z\u0142oty \u0142a\u0144cuszek, kolor czerwonego z\u0142ota. Waga jest proporcjonalna do rozmiapl \u0142a\u0144cuszka. Ogniwa przedstawiaj\u0105 gwiazdozbi\u00f3r Raka i liter\u0119 P oraz\u00a0wzorzyste pod\u0142o\u017ce w kszta\u0142cie li\u015bcia. Na \u0142a\u0144cuszku znajduj\u0105 si\u0119 r\u00f3wnie\u017c kamienie o \u015brednicy oko\u0142o 2,00 &#8211; 2,50 mm. Zapi\u0119cie to pude\u0142ko z dwoma zamkami, w stylu ogniwa. Wz\u00f3r mo\u017ce by\u0107 modyfikowany.<\/p>\n<\/div><\/div><\/div><\/div><\/div><\/div><\/div><\/section>\n","protected":false},"excerpt":{"rendered":"Ekskluzywny z\u0142oty \u0142a\u0144cuszek, kolor czerwonego z\u0142ota. Waga jest proporcjonalna do rozmiapl \u0142a\u0144cuszka. Ogniwa przedstawiaj\u0105 gwiazdozbi\u00f3r Raka i liter\u0119 P oraz\u00a0wzorzyste pod\u0142o\u017ce w kszta\u0142cie li\u015bcia. Na \u0142a\u0144cuszku znajduj\u0105 si\u0119 r\u00f3wnie\u017c kamienie o \u015brednicy oko\u0142o 2,00 &#8211; 2,50 mm. Zapi\u0119cie to pude\u0142ko z dwoma zamkami, w stylu ogniwa. Wz\u00f3r mo\u017ce by\u0107 modyfikowany.","protected":false},"featured_media":44310,"template":"","meta":{"_acf_changed":false},"product_brand":[],"product_cat":[493,494,490,495],"product_tag":[],"class_list":{"0":"post-44309","1":"product","2":"type-product","3":"status-publish","4":"has-post-thumbnail","6":"product_cat-mens-chains-pl","7":"product_cat-womens-chains-pl","8":"product_cat-gold-chains","9":"product_cat-gold-chains-up-to-50-gr-pl","11":"first","12":"instock","13":"product-type-simple"},"acf":[],"_links":{"self":[{"href":"https:\/\/zl.jewelry\/pl\/wp-json\/wp\/v2\/product\/44309","targetHints":{"allow":["GET"]}}],"collection":[{"href":"https:\/\/zl.jewelry\/pl\/wp-json\/wp\/v2\/product"}],"about":[{"href":"https:\/\/zl.jewelry\/pl\/wp-json\/wp\/v2\/types\/product"}],"wp:featuredmedia":[{"embeddable":true,"href":"https:\/\/zl.jewelry\/pl\/wp-json\/wp\/v2\/media\/44310"}],"wp:attachment":[{"href":"https:\/\/zl.jewelry\/pl\/wp-json\/wp\/v2\/media?parent=44309"}],"wp:term":[{"taxonomy":"product_brand","embeddable":true,"href":"https:\/\/zl.jewelry\/pl\/wp-json\/wp\/v2\/product_brand?post=44309"},{"taxonomy":"product_cat","embeddable":true,"href":"https:\/\/zl.jewelry\/pl\/wp-json\/wp\/v2\/product_cat?post=44309"},{"taxonomy":"product_tag","embeddable":true,"href":"https:\/\/zl.jewelry\/pl\/wp-json\/wp\/v2\/product_tag?post=44309"}],"curies":[{"name":"wp","href":"https:\/\/api.w.org\/{rel}","templated":true}]}}