{"id":44307,"date":"2025-06-18T10:59:43","date_gmt":"2025-06-18T10:59:43","guid":{"rendered":"https:\/\/zl.jewelry\/product\/cross-case-with-client-base-and-wood\/"},"modified":"2025-09-26T18:30:29","modified_gmt":"2025-09-26T18:30:29","slug":"cross-case-with-client-base-and-wood","status":"publish","type":"product","link":"https:\/\/zl.jewelry\/pl\/product\/cross-case-with-client-base-and-wood\/","title":{"rendered":"Krzy\u017c z podstaw\u0105 klienta i drewnem"},"content":{"rendered":"<p>Krzy\u017cyk z bia\u0142ego z\u0142ota pr\u00f3by 585*, o wadze 8,41 grama. Podstawa jest klienta, obudowa (rama) jest rodowana.<\/p>\n","protected":false},"excerpt":{"rendered":"<p>Krzy\u017cyk z bia\u0142ego z\u0142ota pr\u00f3by 585*, o wadze 8,41 grama. Podstawa jest klienta, obudowa (rama) jest rodowana.<\/p>\n","protected":false},"featured_media":44308,"template":"","meta":{"_acf_changed":false},"product_brand":[],"product_cat":[504,509,510,511],"product_tag":[],"class_list":{"0":"post-44307","1":"product","2":"type-product","3":"status-publish","4":"has-post-thumbnail","6":"product_cat-golden-crosses-pl","7":"product_cat-made-of-white-gold-pl","8":"product_cat-mens-crosses-pl","9":"product_cat-on-an-ebony-tree-2-pl","11":"first","12":"instock","13":"product-type-simple"},"acf":[],"_links":{"self":[{"href":"https:\/\/zl.jewelry\/pl\/wp-json\/wp\/v2\/product\/44307","targetHints":{"allow":["GET"]}}],"collection":[{"href":"https:\/\/zl.jewelry\/pl\/wp-json\/wp\/v2\/product"}],"about":[{"href":"https:\/\/zl.jewelry\/pl\/wp-json\/wp\/v2\/types\/product"}],"wp:featuredmedia":[{"embeddable":true,"href":"https:\/\/zl.jewelry\/pl\/wp-json\/wp\/v2\/media\/44308"}],"wp:attachment":[{"href":"https:\/\/zl.jewelry\/pl\/wp-json\/wp\/v2\/media?parent=44307"}],"wp:term":[{"taxonomy":"product_brand","embeddable":true,"href":"https:\/\/zl.jewelry\/pl\/wp-json\/wp\/v2\/product_brand?post=44307"},{"taxonomy":"product_cat","embeddable":true,"href":"https:\/\/zl.jewelry\/pl\/wp-json\/wp\/v2\/product_cat?post=44307"},{"taxonomy":"product_tag","embeddable":true,"href":"https:\/\/zl.jewelry\/pl\/wp-json\/wp\/v2\/product_tag?post=44307"}],"curies":[{"name":"wp","href":"https:\/\/api.w.org\/{rel}","templated":true}]}}