{"id":44305,"date":"2025-06-18T10:59:43","date_gmt":"2025-06-18T10:59:43","guid":{"rendered":"https:\/\/zl.jewelry\/product\/cross-with-niello-in-red-gold\/"},"modified":"2025-09-26T18:30:29","modified_gmt":"2025-09-26T18:30:29","slug":"cross-with-niello-in-red-gold","status":"publish","type":"product","link":"https:\/\/zl.jewelry\/pl\/product\/cross-with-niello-in-red-gold\/","title":{"rendered":"Krzy\u017c z niello w czerwonym z\u0142ocie"},"content":{"rendered":"<p>Krzy\u017c z czerwonego z\u0142ota z niello. Na przedniej stronie w centplm znajduje si\u0119 kplcyfiks. Na rewersie znajduje si\u0119 tekst zgodnie z \u017cyczeniem klienta.&nbsp; Krzy\u017c jest prosty, waga z\u0142ota zale\u017cy od wymiar\u00f3w, przy wysoko\u015bci bi\u017cuterii 35 mm, waga z\u0142ota wynosi 3,47 grama. Wz\u00f3r mo\u017ce by\u0107 zmieniony zgodnie z \u017cyczeniem klienta.&nbsp;<\/nbsp;<\/p>\n<p>><\/p>\n","protected":false},"excerpt":{"rendered":"<p>Krzy\u017c z czerwonego z\u0142ota z niello. Na przedniej stronie w centplm znajduje si\u0119 kplcyfiks. Na rewersie znajduje si\u0119 tekst zgodnie z \u017cyczeniem klienta.&nbsp; Krzy\u017c jest prosty, waga z\u0142ota zale\u017cy od wymiar\u00f3w, przy wysoko\u015bci bi\u017cuterii 35 mm, waga z\u0142ota wynosi 3,47 grama. Wz\u00f3r mo\u017ce by\u0107 zmieniony zgodnie z \u017cyczeniem klienta.&nbsp;<\/p>\n","protected":false},"featured_media":44306,"template":"","meta":{"_acf_changed":false},"product_brand":[],"product_cat":[504,505,513],"product_tag":[],"class_list":{"0":"post-44305","1":"product","2":"type-product","3":"status-publish","4":"has-post-thumbnail","6":"product_cat-golden-crosses-pl","7":"product_cat-crosses-for-children-pl","8":"product_cat-womens-crosses-pl","10":"first","11":"instock","12":"product-type-simple"},"acf":[],"_links":{"self":[{"href":"https:\/\/zl.jewelry\/pl\/wp-json\/wp\/v2\/product\/44305","targetHints":{"allow":["GET"]}}],"collection":[{"href":"https:\/\/zl.jewelry\/pl\/wp-json\/wp\/v2\/product"}],"about":[{"href":"https:\/\/zl.jewelry\/pl\/wp-json\/wp\/v2\/types\/product"}],"wp:featuredmedia":[{"embeddable":true,"href":"https:\/\/zl.jewelry\/pl\/wp-json\/wp\/v2\/media\/44306"}],"wp:attachment":[{"href":"https:\/\/zl.jewelry\/pl\/wp-json\/wp\/v2\/media?parent=44305"}],"wp:term":[{"taxonomy":"product_brand","embeddable":true,"href":"https:\/\/zl.jewelry\/pl\/wp-json\/wp\/v2\/product_brand?post=44305"},{"taxonomy":"product_cat","embeddable":true,"href":"https:\/\/zl.jewelry\/pl\/wp-json\/wp\/v2\/product_cat?post=44305"},{"taxonomy":"product_tag","embeddable":true,"href":"https:\/\/zl.jewelry\/pl\/wp-json\/wp\/v2\/product_tag?post=44305"}],"curies":[{"name":"wp","href":"https:\/\/api.w.org\/{rel}","templated":true}]}}