{"id":44303,"date":"2025-06-18T10:59:43","date_gmt":"2025-06-18T10:59:43","guid":{"rendered":"https:\/\/zl.jewelry\/product\/cross-in-lemon-gold-with-the-faces-of-saints\/"},"modified":"2025-09-26T18:30:28","modified_gmt":"2025-09-26T18:30:28","slug":"cross-in-lemon-gold-with-the-faces-of-saints","status":"publish","type":"product","link":"https:\/\/zl.jewelry\/pl\/product\/cross-in-lemon-gold-with-the-faces-of-saints\/","title":{"rendered":"Krzy\u017c z cytrynowego z\u0142ota z twarzami \u015bwi\u0119tych"},"content":{"rendered":"","protected":false},"excerpt":{"rendered":"","protected":false},"featured_media":44304,"template":"","meta":{"_acf_changed":false},"product_brand":[],"product_cat":[504,506,510,512],"product_tag":[],"class_list":{"0":"post-44303","1":"product","2":"type-product","3":"status-publish","4":"has-post-thumbnail","6":"product_cat-golden-crosses-pl","7":"product_cat-crosses-with-stones-pl","8":"product_cat-mens-crosses-pl","9":"product_cat-with-diamonds-pl","11":"first","12":"instock","13":"product-type-simple"},"acf":[],"_links":{"self":[{"href":"https:\/\/zl.jewelry\/pl\/wp-json\/wp\/v2\/product\/44303","targetHints":{"allow":["GET"]}}],"collection":[{"href":"https:\/\/zl.jewelry\/pl\/wp-json\/wp\/v2\/product"}],"about":[{"href":"https:\/\/zl.jewelry\/pl\/wp-json\/wp\/v2\/types\/product"}],"wp:featuredmedia":[{"embeddable":true,"href":"https:\/\/zl.jewelry\/pl\/wp-json\/wp\/v2\/media\/44304"}],"wp:attachment":[{"href":"https:\/\/zl.jewelry\/pl\/wp-json\/wp\/v2\/media?parent=44303"}],"wp:term":[{"taxonomy":"product_brand","embeddable":true,"href":"https:\/\/zl.jewelry\/pl\/wp-json\/wp\/v2\/product_brand?post=44303"},{"taxonomy":"product_cat","embeddable":true,"href":"https:\/\/zl.jewelry\/pl\/wp-json\/wp\/v2\/product_cat?post=44303"},{"taxonomy":"product_tag","embeddable":true,"href":"https:\/\/zl.jewelry\/pl\/wp-json\/wp\/v2\/product_tag?post=44303"}],"curies":[{"name":"wp","href":"https:\/\/api.w.org\/{rel}","templated":true}]}}