{"id":44301,"date":"2025-06-18T10:59:43","date_gmt":"2025-06-18T10:59:43","guid":{"rendered":"https:\/\/zl.jewelry\/product\/ukrainian-necklace\/"},"modified":"2025-09-26T18:30:28","modified_gmt":"2025-09-26T18:30:28","slug":"ukrainian-necklace","status":"publish","type":"product","link":"https:\/\/zl.jewelry\/pl\/product\/ukrainian-necklace\/","title":{"rendered":"Kolia &#8222;Ukrainka&#8221;"},"content":{"rendered":"<p>Kolia z bia\u0142ego z\u0142ota pr&oacute;by 585* o wadze 3,35 grama i d\u0142ugo\u015bci 50 cm. Du\u017ce serce nie zawiera kamieni, ma\u0142e serce pokryte jest niebiesko-\u017c&oacute;\u0142t\u0105 emali\u0105. \u015arednica du\u017cego serca to 17x15mm; \u015brednica ma\u0142ego serca&nbsp;&nbsp;to 7x7mm. Kolia jest rodowany.<\/p>\n<p>_x000D_<\/p>\n","protected":false},"excerpt":{"rendered":"<p>Kolia z bia\u0142ego z\u0142ota pr&oacute;by 585* o wadze 3,35 grama i d\u0142ugo\u015bci 50 cm. Du\u017ce serce nie zawiera kamieni, ma\u0142e serce pokryte jest niebiesko-\u017c&oacute;\u0142t\u0105 emali\u0105. \u015arednica du\u017cego serca to 17x15mm; \u015brednica ma\u0142ego serca&nbsp;&nbsp;to 7x7mm. Kolia jest rodowany. _x000D_<\/p>\n","protected":false},"featured_media":44302,"template":"","meta":{"_acf_changed":false},"product_brand":[],"product_cat":[571,573],"product_tag":[],"class_list":{"0":"post-44301","1":"product","2":"type-product","3":"status-publish","4":"has-post-thumbnail","6":"product_cat-exclusive-necklaces-pl","7":"product_cat-without-inserts-3-pl","9":"first","10":"instock","11":"product-type-simple"},"acf":[],"_links":{"self":[{"href":"https:\/\/zl.jewelry\/pl\/wp-json\/wp\/v2\/product\/44301","targetHints":{"allow":["GET"]}}],"collection":[{"href":"https:\/\/zl.jewelry\/pl\/wp-json\/wp\/v2\/product"}],"about":[{"href":"https:\/\/zl.jewelry\/pl\/wp-json\/wp\/v2\/types\/product"}],"wp:featuredmedia":[{"embeddable":true,"href":"https:\/\/zl.jewelry\/pl\/wp-json\/wp\/v2\/media\/44302"}],"wp:attachment":[{"href":"https:\/\/zl.jewelry\/pl\/wp-json\/wp\/v2\/media?parent=44301"}],"wp:term":[{"taxonomy":"product_brand","embeddable":true,"href":"https:\/\/zl.jewelry\/pl\/wp-json\/wp\/v2\/product_brand?post=44301"},{"taxonomy":"product_cat","embeddable":true,"href":"https:\/\/zl.jewelry\/pl\/wp-json\/wp\/v2\/product_cat?post=44301"},{"taxonomy":"product_tag","embeddable":true,"href":"https:\/\/zl.jewelry\/pl\/wp-json\/wp\/v2\/product_tag?post=44301"}],"curies":[{"name":"wp","href":"https:\/\/api.w.org\/{rel}","templated":true}]}}