{"id":44297,"date":"2025-06-18T10:59:43","date_gmt":"2025-06-18T10:59:43","guid":{"rendered":"https:\/\/zl.jewelry\/product\/fairy-garden-necklace\/"},"modified":"2025-09-26T18:30:28","modified_gmt":"2025-09-26T18:30:28","slug":"fairy-garden-necklace","status":"publish","type":"product","link":"https:\/\/zl.jewelry\/pl\/product\/fairy-garden-necklace\/","title":{"rendered":"Kolia &#8222;Wr\u00f3\u017ckowy ogr\u00f3d&#8221;"},"content":{"rendered":"","protected":false},"excerpt":{"rendered":"","protected":false},"featured_media":44298,"template":"","meta":{"_acf_changed":false},"product_brand":[],"product_cat":[573,571],"product_tag":[],"class_list":{"0":"post-44297","1":"product","2":"type-product","3":"status-publish","4":"has-post-thumbnail","6":"product_cat-without-inserts-3-pl","7":"product_cat-exclusive-necklaces-pl","9":"first","10":"instock","11":"product-type-simple"},"acf":[],"_links":{"self":[{"href":"https:\/\/zl.jewelry\/pl\/wp-json\/wp\/v2\/product\/44297","targetHints":{"allow":["GET"]}}],"collection":[{"href":"https:\/\/zl.jewelry\/pl\/wp-json\/wp\/v2\/product"}],"about":[{"href":"https:\/\/zl.jewelry\/pl\/wp-json\/wp\/v2\/types\/product"}],"wp:featuredmedia":[{"embeddable":true,"href":"https:\/\/zl.jewelry\/pl\/wp-json\/wp\/v2\/media\/44298"}],"wp:attachment":[{"href":"https:\/\/zl.jewelry\/pl\/wp-json\/wp\/v2\/media?parent=44297"}],"wp:term":[{"taxonomy":"product_brand","embeddable":true,"href":"https:\/\/zl.jewelry\/pl\/wp-json\/wp\/v2\/product_brand?post=44297"},{"taxonomy":"product_cat","embeddable":true,"href":"https:\/\/zl.jewelry\/pl\/wp-json\/wp\/v2\/product_cat?post=44297"},{"taxonomy":"product_tag","embeddable":true,"href":"https:\/\/zl.jewelry\/pl\/wp-json\/wp\/v2\/product_tag?post=44297"}],"curies":[{"name":"wp","href":"https:\/\/api.w.org\/{rel}","templated":true}]}}