{"id":44289,"date":"2025-06-18T10:59:43","date_gmt":"2025-06-18T10:59:43","guid":{"rendered":"https:\/\/zl.jewelry\/product\/icon-nicholas-the-wonderworker-with-stones\/"},"modified":"2026-04-24T10:13:21","modified_gmt":"2026-04-24T10:13:21","slug":"icon-nicholas-the-wonderworker-with-stones","status":"publish","type":"product","link":"https:\/\/zl.jewelry\/pl\/product\/icon-nicholas-the-wonderworker-with-stones\/","title":{"rendered":"Ikona &#8222;\u015awi\u0119ty Miko\u0142aj Cudotw\u00f3rca&#8221; z kamieniami"},"content":{"rendered":"<section class=\"l-section wpb_row height_small\"><div class=\"l-section-h i-cf\"><div class=\"g-cols vc_row via_flex valign_top type_default stacking_default\"><div class=\"vc_col-sm-12 wpb_column vc_column_container\"><div class=\"vc_column-inner\"><div class=\"wpb_wrapper\"><div class=\"wpb_text_column\"><div class=\"wpb_wrapper\"><p>Ikona z czerwonego i bia\u0142ego z\u0142ota pr\u00f3by 585*. Podstawa wykonana jest z czerwonego z\u0142ota, twarz Miko\u0142aja z bia\u0142ego z\u0142ota, pokryta rodem. Waga z\u0142ota w ikonie wynosi 39,22 grama. Wstawki z czarnych diament\u00f3w o wymiarach 1,20 mm; 1,75 mm; 4 mm; 3,5 mm; 3 mm; 2,5 mm. Wysoko\u015b\u0107 ikony bez ucha wynosi 40 mm. Z ty\u0142u znajduje si\u0119 modlitwa &#8222;Ojcze nasz&#8221;.<\/p>\n<\/div><\/div><\/div><\/div><\/div><\/div><\/div><\/section>\n","protected":false},"excerpt":{"rendered":"Ikona z czerwonego i bia\u0142ego z\u0142ota pr\u00f3by 585*. Podstawa wykonana jest z czerwonego z\u0142ota, twarz Miko\u0142aja z bia\u0142ego z\u0142ota, pokryta rodem. Waga z\u0142ota w ikonie wynosi 39,22 grama. Wstawki z czarnych diament\u00f3w o wymiarach 1,20 mm; 1,75 mm; 4 mm; 3,5 mm; 3 mm; 2,5 mm. Wysoko\u015b\u0107 ikony bez ucha wynosi 40 mm. Z ty\u0142u...","protected":false},"featured_media":44290,"template":"","meta":{"_acf_changed":false},"product_brand":[],"product_cat":[503,500],"product_tag":[],"class_list":{"0":"post-44289","1":"product","2":"type-product","3":"status-publish","4":"has-post-thumbnail","6":"product_cat-with-stones-pl","7":"product_cat-golden-icons-pl","9":"first","10":"instock","11":"product-type-simple"},"acf":[],"_links":{"self":[{"href":"https:\/\/zl.jewelry\/pl\/wp-json\/wp\/v2\/product\/44289","targetHints":{"allow":["GET"]}}],"collection":[{"href":"https:\/\/zl.jewelry\/pl\/wp-json\/wp\/v2\/product"}],"about":[{"href":"https:\/\/zl.jewelry\/pl\/wp-json\/wp\/v2\/types\/product"}],"wp:featuredmedia":[{"embeddable":true,"href":"https:\/\/zl.jewelry\/pl\/wp-json\/wp\/v2\/media\/44290"}],"wp:attachment":[{"href":"https:\/\/zl.jewelry\/pl\/wp-json\/wp\/v2\/media?parent=44289"}],"wp:term":[{"taxonomy":"product_brand","embeddable":true,"href":"https:\/\/zl.jewelry\/pl\/wp-json\/wp\/v2\/product_brand?post=44289"},{"taxonomy":"product_cat","embeddable":true,"href":"https:\/\/zl.jewelry\/pl\/wp-json\/wp\/v2\/product_cat?post=44289"},{"taxonomy":"product_tag","embeddable":true,"href":"https:\/\/zl.jewelry\/pl\/wp-json\/wp\/v2\/product_tag?post=44289"}],"curies":[{"name":"wp","href":"https:\/\/api.w.org\/{rel}","templated":true}]}}