{"id":44287,"date":"2025-06-18T10:59:43","date_gmt":"2025-06-18T10:59:43","guid":{"rendered":"https:\/\/zl.jewelry\/product\/icon-case-nicholas-the-wonderworker-2\/"},"modified":"2025-09-26T18:30:27","modified_gmt":"2025-09-26T18:30:27","slug":"icon-case-nicholas-the-wonderworker-2","status":"publish","type":"product","link":"https:\/\/zl.jewelry\/pl\/product\/icon-case-nicholas-the-wonderworker-2\/","title":{"rendered":"Ikona \u201eMiko\u0142aj Cudotw\u00f3rca\u201d"},"content":{"rendered":"<p>Ikona jest wykonana z czerwonego z\u0142ota. Na przedniej stronie w centplm znajduje si\u0119 twarz Miko\u0142aja Cudotw\u00f3rcy, wok\u00f3\u0142 niego jest \u0142uk, twarz i nak\u0142adki wykonane s\u0105 z bia\u0142ego z\u0142ota, pokrytego rodem. Na kolumnach \u0142uku osadzone s\u0105 kamienie o przybli\u017conej \u015brednicy 2,5 mm. Z ty\u0142u cz\u0119\u015b\u0107 otwierana w formie drzwi, wewn\u0105trz na blaszce wymodelowana modlitwa \u201eOjcze nasz\u201d. Na uszku z przodu po\u015brodku wymodelowany krzy\u017c, z ty\u0142u wymodelowane inicja\u0142y zamawiaj\u0105cego. Ikona ozdobiona jest czarn\u0105 emali\u0105. Waga z\u0142ota zmienia si\u0119 w stosunku do wymiar\u00f3w, przy wysoko\u015bci ikony bez uszka 45 mm, waga z\u0142ota wynosi 46,50 grama. Wz\u00f3r mo\u017ce zosta\u0107 zmieniony na \u017cyczenie klienta.<\/p>\n","protected":false},"excerpt":{"rendered":"<p>Ikona jest wykonana z czerwonego z\u0142ota. Na przedniej stronie w centplm znajduje si\u0119 twarz Miko\u0142aja Cudotw\u00f3rcy, wok\u00f3\u0142 niego jest \u0142uk, twarz i nak\u0142adki wykonane s\u0105 z bia\u0142ego z\u0142ota, pokrytego rodem. Na kolumnach \u0142uku osadzone s\u0105 kamienie o przybli\u017conej \u015brednicy 2,5 mm. Z ty\u0142u cz\u0119\u015b\u0107 otwierana w formie drzwi, wewn\u0105trz na blaszce wymodelowana modlitwa \u201eOjcze nasz\u201d&#8230;.<\/p>\n","protected":false},"featured_media":44288,"template":"","meta":{"_acf_changed":false},"product_brand":[],"product_cat":[500,503],"product_tag":[],"class_list":{"0":"post-44287","1":"product","2":"type-product","3":"status-publish","4":"has-post-thumbnail","6":"product_cat-golden-icons-pl","7":"product_cat-with-stones-pl","9":"first","10":"instock","11":"product-type-simple"},"acf":[],"_links":{"self":[{"href":"https:\/\/zl.jewelry\/pl\/wp-json\/wp\/v2\/product\/44287","targetHints":{"allow":["GET"]}}],"collection":[{"href":"https:\/\/zl.jewelry\/pl\/wp-json\/wp\/v2\/product"}],"about":[{"href":"https:\/\/zl.jewelry\/pl\/wp-json\/wp\/v2\/types\/product"}],"wp:featuredmedia":[{"embeddable":true,"href":"https:\/\/zl.jewelry\/pl\/wp-json\/wp\/v2\/media\/44288"}],"wp:attachment":[{"href":"https:\/\/zl.jewelry\/pl\/wp-json\/wp\/v2\/media?parent=44287"}],"wp:term":[{"taxonomy":"product_brand","embeddable":true,"href":"https:\/\/zl.jewelry\/pl\/wp-json\/wp\/v2\/product_brand?post=44287"},{"taxonomy":"product_cat","embeddable":true,"href":"https:\/\/zl.jewelry\/pl\/wp-json\/wp\/v2\/product_cat?post=44287"},{"taxonomy":"product_tag","embeddable":true,"href":"https:\/\/zl.jewelry\/pl\/wp-json\/wp\/v2\/product_tag?post=44287"}],"curies":[{"name":"wp","href":"https:\/\/api.w.org\/{rel}","templated":true}]}}