{"id":44285,"date":"2025-06-18T10:59:43","date_gmt":"2025-06-18T10:59:43","guid":{"rendered":"https:\/\/zl.jewelry\/product\/icon-virgin-mary-on-a-wood-base\/"},"modified":"2025-09-26T18:30:26","modified_gmt":"2025-09-26T18:30:26","slug":"icon-virgin-mary-on-a-wood-base","status":"publish","type":"product","link":"https:\/\/zl.jewelry\/pl\/product\/icon-virgin-mary-on-a-wood-base\/","title":{"rendered":"Ikona &#8222;Matka Boska&#8221; na drewnianej podstawie"},"content":{"rendered":"<p>Ikona na drewnie, w kolorze czerwonego z\u0142ota, boczne wsporniki i inicja\u0142y z bia\u0142ego z\u0142ota pr&oacute;by 585*. Waga z\u0142ota w ikonie wynosi 9,76 grama. Z ty\u0142u ikony na drewnie znajduje si\u0119 modlitwa &quot;Bogurodzica Dziewica&quot;. Wysoko\u015b\u0107 ikony bez uszka wynosi 43 mm.<\/p>\n<p>_x000D_<\/p>\n","protected":false},"excerpt":{"rendered":"<p>Ikona na drewnie, w kolorze czerwonego z\u0142ota, boczne wsporniki i inicja\u0142y z bia\u0142ego z\u0142ota pr&oacute;by 585*. Waga z\u0142ota w ikonie wynosi 9,76 grama. Z ty\u0142u ikony na drewnie znajduje si\u0119 modlitwa &quot;Bogurodzica Dziewica&quot;. Wysoko\u015b\u0107 ikony bez uszka wynosi 43 mm. _x000D_<\/p>\n","protected":false},"featured_media":44286,"template":"","meta":{"_acf_changed":false},"product_brand":[],"product_cat":[500,502],"product_tag":[],"class_list":{"0":"post-44285","1":"product","2":"type-product","3":"status-publish","4":"has-post-thumbnail","6":"product_cat-golden-icons-pl","7":"product_cat-on-an-ebony-tree-pl","9":"first","10":"instock","11":"product-type-simple"},"acf":[],"_links":{"self":[{"href":"https:\/\/zl.jewelry\/pl\/wp-json\/wp\/v2\/product\/44285","targetHints":{"allow":["GET"]}}],"collection":[{"href":"https:\/\/zl.jewelry\/pl\/wp-json\/wp\/v2\/product"}],"about":[{"href":"https:\/\/zl.jewelry\/pl\/wp-json\/wp\/v2\/types\/product"}],"wp:featuredmedia":[{"embeddable":true,"href":"https:\/\/zl.jewelry\/pl\/wp-json\/wp\/v2\/media\/44286"}],"wp:attachment":[{"href":"https:\/\/zl.jewelry\/pl\/wp-json\/wp\/v2\/media?parent=44285"}],"wp:term":[{"taxonomy":"product_brand","embeddable":true,"href":"https:\/\/zl.jewelry\/pl\/wp-json\/wp\/v2\/product_brand?post=44285"},{"taxonomy":"product_cat","embeddable":true,"href":"https:\/\/zl.jewelry\/pl\/wp-json\/wp\/v2\/product_cat?post=44285"},{"taxonomy":"product_tag","embeddable":true,"href":"https:\/\/zl.jewelry\/pl\/wp-json\/wp\/v2\/product_tag?post=44285"}],"curies":[{"name":"wp","href":"https:\/\/api.w.org\/{rel}","templated":true}]}}