{"id":44283,"date":"2025-06-18T10:59:43","date_gmt":"2025-06-18T10:59:43","guid":{"rendered":"https:\/\/zl.jewelry\/product\/icon-with-the-face-of-nicholas-the-wonderworker\/"},"modified":"2025-09-26T18:30:26","modified_gmt":"2025-09-26T18:30:26","slug":"icon-with-the-face-of-nicholas-the-wonderworker","status":"publish","type":"product","link":"https:\/\/zl.jewelry\/pl\/product\/icon-with-the-face-of-nicholas-the-wonderworker\/","title":{"rendered":"Ikona z twarz\u0105 Miko\u0142aja Cudotw\u00f3rcy"},"content":{"rendered":"<p>Z\u0142ota ikona z twarz\u0105 Miko\u0142aja Cudotw&oacute;rcy w kolorze bia\u0142ego i czerwonego z\u0142ota. Na przedniej stronie znajduje si\u0119 nak\u0142adka w postaci wizeplnku Miko\u0142aja Cudotw&oacute;rcy, wok&oacute;\u0142 kt&oacute;rej znajduje si\u0119 \u0142uk z a\u017curowymi nak\u0142adkami, r&oacute;wnie\u017c na \u0142uku znajduj\u0105 si\u0119 kamienie o \u015brednicy 2,5 mm, pod twarz\u0105 pod\u0142o\u017ce pokryte jest czarn\u0105 emali\u0105. Na tylnej stronie znajduje si\u0119 pe\u0142ny tekst modlitwy&nbsp;&quot;Ojcze nasz&nbsp;&quot;, kt&oacute;ry pokryty jest czarn\u0105 emali\u0105. Na uchu z przodu znajduje si\u0119 wymodelowany krzy\u017c pokryty czarn\u0105 emali\u0105. Nak\u0142adki wykonane s\u0105 z bia\u0142ego z\u0142ota pokrytego rodem. Waga jest proporcjonalna do wymiar&oacute;w, przy rozmiarze 49 mm x 28 mm, waga z\u0142ota w bi\u017cuterii wynosi 25,23 grama. Wz&oacute;r mo\u017ce by\u0107 zmieniony zgodnie z \u017cyczeniem klienta.<\/p>\n<p>_x000D_<br \/>\n_x000D_<\/p>\n<p>&nbsp;<\/p>\n<p>_x000D_<br \/>\n_x000D_<\/p>\n<p>&nbsp;<\/p>\n<p>_x000D_<\/p>\n","protected":false},"excerpt":{"rendered":"<p>Z\u0142ota ikona z twarz\u0105 Miko\u0142aja Cudotw&oacute;rcy w kolorze bia\u0142ego i czerwonego z\u0142ota. Na przedniej stronie znajduje si\u0119 nak\u0142adka w postaci wizeplnku Miko\u0142aja Cudotw&oacute;rcy, wok&oacute;\u0142 kt&oacute;rej znajduje si\u0119 \u0142uk z a\u017curowymi nak\u0142adkami, r&oacute;wnie\u017c na \u0142uku znajduj\u0105 si\u0119 kamienie o \u015brednicy 2,5 mm, pod twarz\u0105 pod\u0142o\u017ce pokryte jest czarn\u0105 emali\u0105. Na tylnej stronie znajduje si\u0119 pe\u0142ny tekst&#8230;<\/p>\n","protected":false},"featured_media":44284,"template":"","meta":{"_acf_changed":false},"product_brand":[],"product_cat":[500,503],"product_tag":[],"class_list":{"0":"post-44283","1":"product","2":"type-product","3":"status-publish","4":"has-post-thumbnail","6":"product_cat-golden-icons-pl","7":"product_cat-with-stones-pl","9":"first","10":"instock","11":"product-type-simple"},"acf":[],"_links":{"self":[{"href":"https:\/\/zl.jewelry\/pl\/wp-json\/wp\/v2\/product\/44283","targetHints":{"allow":["GET"]}}],"collection":[{"href":"https:\/\/zl.jewelry\/pl\/wp-json\/wp\/v2\/product"}],"about":[{"href":"https:\/\/zl.jewelry\/pl\/wp-json\/wp\/v2\/types\/product"}],"wp:featuredmedia":[{"embeddable":true,"href":"https:\/\/zl.jewelry\/pl\/wp-json\/wp\/v2\/media\/44284"}],"wp:attachment":[{"href":"https:\/\/zl.jewelry\/pl\/wp-json\/wp\/v2\/media?parent=44283"}],"wp:term":[{"taxonomy":"product_brand","embeddable":true,"href":"https:\/\/zl.jewelry\/pl\/wp-json\/wp\/v2\/product_brand?post=44283"},{"taxonomy":"product_cat","embeddable":true,"href":"https:\/\/zl.jewelry\/pl\/wp-json\/wp\/v2\/product_cat?post=44283"},{"taxonomy":"product_tag","embeddable":true,"href":"https:\/\/zl.jewelry\/pl\/wp-json\/wp\/v2\/product_tag?post=44283"}],"curies":[{"name":"wp","href":"https:\/\/api.w.org\/{rel}","templated":true}]}}