{"id":44281,"date":"2025-06-18T10:59:43","date_gmt":"2025-06-18T10:59:43","guid":{"rendered":"https:\/\/zl.jewelry\/product\/icon-st-george\/"},"modified":"2025-09-26T18:30:26","modified_gmt":"2025-09-26T18:30:26","slug":"icon-st-george","status":"publish","type":"product","link":"https:\/\/zl.jewelry\/pl\/product\/icon-st-george\/","title":{"rendered":"Ikona &#8222;\u015aw. Jerzego&#8221;"},"content":{"rendered":"<p>Ikona w kolorze bia\u0142ego z\u0142ota pokryta rodem. Na przedniej stronie znajduje si\u0119 wizeplnek Jerzego Podbonosego, a na tylnej stronie na drewnie znajduje si\u0119 tekst &quot;M&oacute;dl si\u0119 Bo\u017ce za mnie \u015awi\u0119ty Jerzy b\u0105d\u017a ze mn\u0105 nie opuszczaj mnie i pomagaj mi&quot;. Waga z\u0142ota w ikonie wynosi 19,27 grama. Wysoko\u015b\u0107 ikony bez uchwytu wynosi 40 mm.<\/p>\n<p>_x000D_<\/p>\n","protected":false},"excerpt":{"rendered":"<p>Ikona w kolorze bia\u0142ego z\u0142ota pokryta rodem. Na przedniej stronie znajduje si\u0119 wizeplnek Jerzego Podbonosego, a na tylnej stronie na drewnie znajduje si\u0119 tekst &quot;M&oacute;dl si\u0119 Bo\u017ce za mnie \u015awi\u0119ty Jerzy b\u0105d\u017a ze mn\u0105 nie opuszczaj mnie i pomagaj mi&quot;. Waga z\u0142ota w ikonie wynosi 19,27 grama. Wysoko\u015b\u0107 ikony bez uchwytu wynosi 40 mm. _x000D_<\/p>\n","protected":false},"featured_media":44282,"template":"","meta":{"_acf_changed":false},"product_brand":[],"product_cat":[500,502],"product_tag":[],"class_list":{"0":"post-44281","1":"product","2":"type-product","3":"status-publish","4":"has-post-thumbnail","6":"product_cat-golden-icons-pl","7":"product_cat-on-an-ebony-tree-pl","9":"first","10":"instock","11":"product-type-simple"},"acf":[],"_links":{"self":[{"href":"https:\/\/zl.jewelry\/pl\/wp-json\/wp\/v2\/product\/44281","targetHints":{"allow":["GET"]}}],"collection":[{"href":"https:\/\/zl.jewelry\/pl\/wp-json\/wp\/v2\/product"}],"about":[{"href":"https:\/\/zl.jewelry\/pl\/wp-json\/wp\/v2\/types\/product"}],"wp:featuredmedia":[{"embeddable":true,"href":"https:\/\/zl.jewelry\/pl\/wp-json\/wp\/v2\/media\/44282"}],"wp:attachment":[{"href":"https:\/\/zl.jewelry\/pl\/wp-json\/wp\/v2\/media?parent=44281"}],"wp:term":[{"taxonomy":"product_brand","embeddable":true,"href":"https:\/\/zl.jewelry\/pl\/wp-json\/wp\/v2\/product_brand?post=44281"},{"taxonomy":"product_cat","embeddable":true,"href":"https:\/\/zl.jewelry\/pl\/wp-json\/wp\/v2\/product_cat?post=44281"},{"taxonomy":"product_tag","embeddable":true,"href":"https:\/\/zl.jewelry\/pl\/wp-json\/wp\/v2\/product_tag?post=44281"}],"curies":[{"name":"wp","href":"https:\/\/api.w.org\/{rel}","templated":true}]}}