{"id":44279,"date":"2025-06-18T10:59:43","date_gmt":"2025-06-18T10:59:43","guid":{"rendered":"https:\/\/zl.jewelry\/product\/icon-our-lady-of-the-virgin-mary\/"},"modified":"2025-09-26T18:30:26","modified_gmt":"2025-09-26T18:30:26","slug":"icon-our-lady-of-the-virgin-mary","status":"publish","type":"product","link":"https:\/\/zl.jewelry\/pl\/product\/icon-our-lady-of-the-virgin-mary\/","title":{"rendered":"Ikona \u201eNaj\u015bwi\u0119tsza Maryja Panna\u201d"},"content":{"rendered":"<p>Ikona w kolorze czerwonym, z\u0142oto pr\u00f3by 585*, waga ca\u0142ego z\u0142ota 26,23 grama. \u015arednica ikony wynosi 30 mm. Na przedniej stronie znajduje si\u0119 twarz Matki Boskiej, na tylnej stronie znajduje si\u0119 modlitwa &quot;Ojcze nasz&quot;, wok\u00f3\u0142 modlitwy znajduje si\u0119 napis: &quot;Polimuy mnie grzesznego, Panie, Jezu Chryste, Synu Bo\u017cy&quot; oraz symbole. Na uszku z przodu twarz Anio\u0142a Str\u00f3\u017ca, na odwrocie symbol krzy\u017ca. Ikona pokryta niello.<\/p>\n","protected":false},"excerpt":{"rendered":"<p>Ikona w kolorze czerwonym, z\u0142oto pr\u00f3by 585*, waga ca\u0142ego z\u0142ota 26,23 grama. \u015arednica ikony wynosi 30 mm. Na przedniej stronie znajduje si\u0119 twarz Matki Boskiej, na tylnej stronie znajduje si\u0119 modlitwa &quot;Ojcze nasz&quot;, wok\u00f3\u0142 modlitwy znajduje si\u0119 napis: &quot;Polimuy mnie grzesznego, Panie, Jezu Chryste, Synu Bo\u017cy&quot; oraz symbole. Na uszku z przodu twarz Anio\u0142a Str\u00f3\u017ca,&#8230;<\/p>\n","protected":false},"featured_media":44280,"template":"","meta":{"_acf_changed":false},"product_brand":[],"product_cat":[500],"product_tag":[],"class_list":{"0":"post-44279","1":"product","2":"type-product","3":"status-publish","4":"has-post-thumbnail","6":"product_cat-golden-icons-pl","8":"first","9":"instock","10":"product-type-simple"},"acf":[],"_links":{"self":[{"href":"https:\/\/zl.jewelry\/pl\/wp-json\/wp\/v2\/product\/44279","targetHints":{"allow":["GET"]}}],"collection":[{"href":"https:\/\/zl.jewelry\/pl\/wp-json\/wp\/v2\/product"}],"about":[{"href":"https:\/\/zl.jewelry\/pl\/wp-json\/wp\/v2\/types\/product"}],"wp:featuredmedia":[{"embeddable":true,"href":"https:\/\/zl.jewelry\/pl\/wp-json\/wp\/v2\/media\/44280"}],"wp:attachment":[{"href":"https:\/\/zl.jewelry\/pl\/wp-json\/wp\/v2\/media?parent=44279"}],"wp:term":[{"taxonomy":"product_brand","embeddable":true,"href":"https:\/\/zl.jewelry\/pl\/wp-json\/wp\/v2\/product_brand?post=44279"},{"taxonomy":"product_cat","embeddable":true,"href":"https:\/\/zl.jewelry\/pl\/wp-json\/wp\/v2\/product_cat?post=44279"},{"taxonomy":"product_tag","embeddable":true,"href":"https:\/\/zl.jewelry\/pl\/wp-json\/wp\/v2\/product_tag?post=44279"}],"curies":[{"name":"wp","href":"https:\/\/api.w.org\/{rel}","templated":true}]}}