{"id":44277,"date":"2025-06-18T10:59:43","date_gmt":"2025-06-18T10:59:43","guid":{"rendered":"https:\/\/zl.jewelry\/product\/souvenir-with-logo\/"},"modified":"2026-04-24T09:37:04","modified_gmt":"2026-04-24T09:37:04","slug":"souvenir-with-logo","status":"publish","type":"product","link":"https:\/\/zl.jewelry\/pl\/product\/souvenir-with-logo\/","title":{"rendered":"Pami\u0105tka z logo"},"content":{"rendered":"<p>Pami\u0105tka na drewnianej podstawie, w kolorze czerwonego z\u0142ota. Wysoko\u015b\u0107\u00a030mm, d\u0142ugo\u015b\u0107 52mm, gplbo\u015b\u0107 10mm, waga z\u0142ota 18,47 grama. Na przedniej stronie logo i napis. Z dplgiej strony tabliczka z napisem w j\u0119zyku ukrai\u0144skim.<\/p>\n","protected":false},"excerpt":{"rendered":"<p>Pami\u0105tka na drewnianej podstawie, w kolorze czerwonego z\u0142ota. Wysoko\u015b\u0107\u00a030mm, d\u0142ugo\u015b\u0107 52mm, gplbo\u015b\u0107 10mm, waga z\u0142ota 18,47 grama. Na przedniej stronie logo i napis. Z dplgiej strony tabliczka z napisem w j\u0119zyku ukrai\u0144skim.<\/p>\n","protected":false},"featured_media":44278,"template":"","meta":{"_acf_changed":false},"product_brand":[],"product_cat":[576],"product_tag":[],"class_list":{"0":"post-44277","1":"product","2":"type-product","3":"status-publish","4":"has-post-thumbnail","6":"product_cat-other-pl","8":"first","9":"instock","10":"product-type-simple"},"acf":[],"_links":{"self":[{"href":"https:\/\/zl.jewelry\/pl\/wp-json\/wp\/v2\/product\/44277","targetHints":{"allow":["GET"]}}],"collection":[{"href":"https:\/\/zl.jewelry\/pl\/wp-json\/wp\/v2\/product"}],"about":[{"href":"https:\/\/zl.jewelry\/pl\/wp-json\/wp\/v2\/types\/product"}],"wp:featuredmedia":[{"embeddable":true,"href":"https:\/\/zl.jewelry\/pl\/wp-json\/wp\/v2\/media\/44278"}],"wp:attachment":[{"href":"https:\/\/zl.jewelry\/pl\/wp-json\/wp\/v2\/media?parent=44277"}],"wp:term":[{"taxonomy":"product_brand","embeddable":true,"href":"https:\/\/zl.jewelry\/pl\/wp-json\/wp\/v2\/product_brand?post=44277"},{"taxonomy":"product_cat","embeddable":true,"href":"https:\/\/zl.jewelry\/pl\/wp-json\/wp\/v2\/product_cat?post=44277"},{"taxonomy":"product_tag","embeddable":true,"href":"https:\/\/zl.jewelry\/pl\/wp-json\/wp\/v2\/product_tag?post=44277"}],"curies":[{"name":"wp","href":"https:\/\/api.w.org\/{rel}","templated":true}]}}