{"id":44275,"date":"2025-06-18T10:59:43","date_gmt":"2025-06-18T10:59:43","guid":{"rendered":"https:\/\/zl.jewelry\/product\/money-clip-with-initials-vk\/"},"modified":"2026-04-24T09:31:37","modified_gmt":"2026-04-24T09:31:37","slug":"money-clip-with-initials-vk","status":"publish","type":"product","link":"https:\/\/zl.jewelry\/pl\/product\/money-clip-with-initials-vk\/","title":{"rendered":"Klip do pieni\u0119dzy z inicja\u0142ami  &#8222;VK&#8221;"},"content":{"rendered":"<p>Klips do pieni\u0119dzy w kolorze czerwonego z\u0142ota pr\u00f3by 585* o wadze 35,33 grama z\u0142ota. Na przedniej stronie znajduje si\u0119 twarz Jerzego Poddebonosego oraz spersonalizowane inicja\u0142y. Okr\u0105g, w kt\u00f3rym znajduje si\u0119 twarz Jerzego, z bia\u0142ego z\u0142ota pokrytego rodem. Wymiary: szeroko\u015b\u0107 69,50mm; wysoko\u015b\u0107 30mm.<\/p>\n","protected":false},"excerpt":{"rendered":"<p>Klips do pieni\u0119dzy w kolorze czerwonego z\u0142ota pr\u00f3by 585* o wadze 35,33 grama z\u0142ota. Na przedniej stronie znajduje si\u0119 twarz Jerzego Poddebonosego oraz spersonalizowane inicja\u0142y. Okr\u0105g, w kt\u00f3rym znajduje si\u0119 twarz Jerzego, z bia\u0142ego z\u0142ota pokrytego rodem. Wymiary: szeroko\u015b\u0107 69,50mm; wysoko\u015b\u0107 30mm.<\/p>\n","protected":false},"featured_media":44276,"template":"","meta":{"_acf_changed":false},"product_brand":[],"product_cat":[576],"product_tag":[],"class_list":{"0":"post-44275","1":"product","2":"type-product","3":"status-publish","4":"has-post-thumbnail","6":"product_cat-other-pl","8":"first","9":"instock","10":"product-type-simple"},"acf":[],"_links":{"self":[{"href":"https:\/\/zl.jewelry\/pl\/wp-json\/wp\/v2\/product\/44275","targetHints":{"allow":["GET"]}}],"collection":[{"href":"https:\/\/zl.jewelry\/pl\/wp-json\/wp\/v2\/product"}],"about":[{"href":"https:\/\/zl.jewelry\/pl\/wp-json\/wp\/v2\/types\/product"}],"wp:featuredmedia":[{"embeddable":true,"href":"https:\/\/zl.jewelry\/pl\/wp-json\/wp\/v2\/media\/44276"}],"wp:attachment":[{"href":"https:\/\/zl.jewelry\/pl\/wp-json\/wp\/v2\/media?parent=44275"}],"wp:term":[{"taxonomy":"product_brand","embeddable":true,"href":"https:\/\/zl.jewelry\/pl\/wp-json\/wp\/v2\/product_brand?post=44275"},{"taxonomy":"product_cat","embeddable":true,"href":"https:\/\/zl.jewelry\/pl\/wp-json\/wp\/v2\/product_cat?post=44275"},{"taxonomy":"product_tag","embeddable":true,"href":"https:\/\/zl.jewelry\/pl\/wp-json\/wp\/v2\/product_tag?post=44275"}],"curies":[{"name":"wp","href":"https:\/\/api.w.org\/{rel}","templated":true}]}}