{"id":44273,"date":"2025-06-18T10:59:43","date_gmt":"2025-06-18T10:59:43","guid":{"rendered":"https:\/\/zl.jewelry\/product\/money-clip-with-initials\/"},"modified":"2025-09-26T18:30:25","modified_gmt":"2025-09-26T18:30:25","slug":"money-clip-with-initials","status":"publish","type":"product","link":"https:\/\/zl.jewelry\/pl\/product\/money-clip-with-initials\/","title":{"rendered":"Klips do pieni\u0119dzy z inicja\u0142ami"},"content":{"rendered":"<p>Klips do pieni\u0119dzy w kolorze czerwonego z\u0142ota pr\u00f3by 585*, waga z\u0142ota 51 gram\u00f3w. Na przedniej stronie znajduje si\u0119 twarz Jerzego Poddebonosego&nbsp;oraz spersonalizowane inicja\u0142y.&nbsp;Wymiary: szeroko\u015b\u0107 70mm; wysoko\u015b\u0107 30mm.<\/p>\n<p>.<\/p>\n","protected":false},"excerpt":{"rendered":"<p>Klips do pieni\u0119dzy w kolorze czerwonego z\u0142ota pr\u00f3by 585*, waga z\u0142ota 51 gram\u00f3w. Na przedniej stronie znajduje si\u0119 twarz Jerzego Poddebonosego&nbsp;oraz spersonalizowane inicja\u0142y.&nbsp;Wymiary: szeroko\u015b\u0107 70mm; wysoko\u015b\u0107 30mm. .<\/p>\n","protected":false},"featured_media":44274,"template":"","meta":{"_acf_changed":false},"product_brand":[],"product_cat":[576],"product_tag":[],"class_list":{"0":"post-44273","1":"product","2":"type-product","3":"status-publish","4":"has-post-thumbnail","6":"product_cat-other-pl","8":"first","9":"instock","10":"product-type-simple"},"acf":[],"_links":{"self":[{"href":"https:\/\/zl.jewelry\/pl\/wp-json\/wp\/v2\/product\/44273","targetHints":{"allow":["GET"]}}],"collection":[{"href":"https:\/\/zl.jewelry\/pl\/wp-json\/wp\/v2\/product"}],"about":[{"href":"https:\/\/zl.jewelry\/pl\/wp-json\/wp\/v2\/types\/product"}],"wp:featuredmedia":[{"embeddable":true,"href":"https:\/\/zl.jewelry\/pl\/wp-json\/wp\/v2\/media\/44274"}],"wp:attachment":[{"href":"https:\/\/zl.jewelry\/pl\/wp-json\/wp\/v2\/media?parent=44273"}],"wp:term":[{"taxonomy":"product_brand","embeddable":true,"href":"https:\/\/zl.jewelry\/pl\/wp-json\/wp\/v2\/product_brand?post=44273"},{"taxonomy":"product_cat","embeddable":true,"href":"https:\/\/zl.jewelry\/pl\/wp-json\/wp\/v2\/product_cat?post=44273"},{"taxonomy":"product_tag","embeddable":true,"href":"https:\/\/zl.jewelry\/pl\/wp-json\/wp\/v2\/product_tag?post=44273"}],"curies":[{"name":"wp","href":"https:\/\/api.w.org\/{rel}","templated":true}]}}