{"id":44271,"date":"2025-06-18T10:59:43","date_gmt":"2025-06-18T10:59:43","guid":{"rendered":"https:\/\/zl.jewelry\/product\/cufflinks-with-initials-in-white-gold\/"},"modified":"2025-09-26T18:30:25","modified_gmt":"2025-09-26T18:30:25","slug":"cufflinks-with-initials-in-white-gold","status":"publish","type":"product","link":"https:\/\/zl.jewelry\/pl\/product\/cufflinks-with-initials-in-white-gold\/","title":{"rendered":"Spinki do mankiet\u00f3w z inicja\u0142ami z bia\u0142ego z\u0142ota"},"content":{"rendered":"<p>Rodowane spinki do mankiet\u00f3w z bia\u0142ego z\u0142ota, pr\u00f3ba 585*, waga z\u0142ota 15,34 grama. Kszta\u0142t jest okr\u0105g\u0142y, w \u015brodku przedniej strony znajduj\u0105 si\u0119 inicja\u0142y, w formie monogramu, centralna cz\u0119\u015b\u0107 pokryta jest czarn\u0105 emali\u0105. \u015arednica bezpiecznika wynosi oko\u0142o 16-17 mm. Na zako\u0144czeniu wzory i wstawki z fianitu.<\/p>\n","protected":false},"excerpt":{"rendered":"<p>Rodowane spinki do mankiet\u00f3w z bia\u0142ego z\u0142ota, pr\u00f3ba 585*, waga z\u0142ota 15,34 grama. Kszta\u0142t jest okr\u0105g\u0142y, w \u015brodku przedniej strony znajduj\u0105 si\u0119 inicja\u0142y, w formie monogramu, centralna cz\u0119\u015b\u0107 pokryta jest czarn\u0105 emali\u0105. \u015arednica bezpiecznika wynosi oko\u0142o 16-17 mm. Na zako\u0144czeniu wzory i wstawki z fianitu.<\/p>\n","protected":false},"featured_media":44272,"template":"","meta":{"_acf_changed":false},"product_brand":[],"product_cat":[576],"product_tag":[],"class_list":{"0":"post-44271","1":"product","2":"type-product","3":"status-publish","4":"has-post-thumbnail","6":"product_cat-other-pl","8":"first","9":"instock","10":"product-type-simple"},"acf":[],"_links":{"self":[{"href":"https:\/\/zl.jewelry\/pl\/wp-json\/wp\/v2\/product\/44271","targetHints":{"allow":["GET"]}}],"collection":[{"href":"https:\/\/zl.jewelry\/pl\/wp-json\/wp\/v2\/product"}],"about":[{"href":"https:\/\/zl.jewelry\/pl\/wp-json\/wp\/v2\/types\/product"}],"wp:featuredmedia":[{"embeddable":true,"href":"https:\/\/zl.jewelry\/pl\/wp-json\/wp\/v2\/media\/44272"}],"wp:attachment":[{"href":"https:\/\/zl.jewelry\/pl\/wp-json\/wp\/v2\/media?parent=44271"}],"wp:term":[{"taxonomy":"product_brand","embeddable":true,"href":"https:\/\/zl.jewelry\/pl\/wp-json\/wp\/v2\/product_brand?post=44271"},{"taxonomy":"product_cat","embeddable":true,"href":"https:\/\/zl.jewelry\/pl\/wp-json\/wp\/v2\/product_cat?post=44271"},{"taxonomy":"product_tag","embeddable":true,"href":"https:\/\/zl.jewelry\/pl\/wp-json\/wp\/v2\/product_tag?post=44271"}],"curies":[{"name":"wp","href":"https:\/\/api.w.org\/{rel}","templated":true}]}}