{"id":44269,"date":"2025-06-18T10:59:43","date_gmt":"2025-06-18T10:59:43","guid":{"rendered":"https:\/\/zl.jewelry\/product\/corn-chain\/"},"modified":"2026-04-24T08:53:14","modified_gmt":"2026-04-24T08:53:14","slug":"corn-chain","status":"publish","type":"product","link":"https:\/\/zl.jewelry\/pl\/product\/corn-chain\/","title":{"rendered":"\u0141a\u0144cuch &#8222;Corn&#8221;"},"content":{"rendered":"<section class=\"l-section wpb_row height_small\"><div class=\"l-section-h i-cf\"><div class=\"g-cols vc_row via_flex valign_top type_default stacking_default\"><div class=\"vc_col-sm-12 wpb_column vc_column_container\"><div class=\"vc_column-inner\"><div class=\"wpb_wrapper\"><div class=\"wpb_text_column\"><div class=\"wpb_wrapper\"><p>R\u0119cznie pleciony \u0142a\u0144cuszek &#8222;Corn&#8221;, w kombinacji z\u0142ota, czerwieni i bieli 585*. Rodowane bia\u0142e ogniwa. Waga zale\u017cy od d\u0142ugo\u015bci.\u00a0 Pojedyncze pude\u0142ko z czerwonego z\u0142ota.<\/p>\n<\/div><\/div><\/div><\/div><\/div><\/div><\/div><\/section>\n","protected":false},"excerpt":{"rendered":"R\u0119cznie pleciony \u0142a\u0144cuszek &#8222;Corn&#8221;, w kombinacji z\u0142ota, czerwieni i bieli 585*. Rodowane bia\u0142e ogniwa. Waga zale\u017cy od d\u0142ugo\u015bci.\u00a0 Pojedyncze pude\u0142ko z czerwonego z\u0142ota.","protected":false},"featured_media":50355,"template":"","meta":{"_acf_changed":false},"product_brand":[],"product_cat":[494,490,495],"product_tag":[],"class_list":{"0":"post-44269","1":"product","2":"type-product","3":"status-publish","4":"has-post-thumbnail","6":"product_cat-womens-chains-pl","7":"product_cat-gold-chains","8":"product_cat-gold-chains-up-to-50-gr-pl","10":"first","11":"instock","12":"product-type-simple"},"acf":[],"_links":{"self":[{"href":"https:\/\/zl.jewelry\/pl\/wp-json\/wp\/v2\/product\/44269","targetHints":{"allow":["GET"]}}],"collection":[{"href":"https:\/\/zl.jewelry\/pl\/wp-json\/wp\/v2\/product"}],"about":[{"href":"https:\/\/zl.jewelry\/pl\/wp-json\/wp\/v2\/types\/product"}],"wp:featuredmedia":[{"embeddable":true,"href":"https:\/\/zl.jewelry\/pl\/wp-json\/wp\/v2\/media\/50355"}],"wp:attachment":[{"href":"https:\/\/zl.jewelry\/pl\/wp-json\/wp\/v2\/media?parent=44269"}],"wp:term":[{"taxonomy":"product_brand","embeddable":true,"href":"https:\/\/zl.jewelry\/pl\/wp-json\/wp\/v2\/product_brand?post=44269"},{"taxonomy":"product_cat","embeddable":true,"href":"https:\/\/zl.jewelry\/pl\/wp-json\/wp\/v2\/product_cat?post=44269"},{"taxonomy":"product_tag","embeddable":true,"href":"https:\/\/zl.jewelry\/pl\/wp-json\/wp\/v2\/product_tag?post=44269"}],"curies":[{"name":"wp","href":"https:\/\/api.w.org\/{rel}","templated":true}]}}