{"id":44267,"date":"2025-06-18T10:59:50","date_gmt":"2025-06-18T10:59:50","guid":{"rendered":"https:\/\/zl.jewelry\/product\/orthodox-cross-with-white-gold\/"},"modified":"2025-09-26T18:30:34","modified_gmt":"2025-09-26T18:30:34","slug":"orthodox-cross-with-white-gold","status":"publish","type":"product","link":"https:\/\/zl.jewelry\/pl\/product\/orthodox-cross-with-white-gold\/","title":{"rendered":"Prawos\u0142awny krzy\u017c z bia\u0142ego z\u0142ota"},"content":{"rendered":"<p>Krzy\u017cyk &#8211; obudowa z bia\u0142ego z\u0142ota, rodowana, na drewnie. Waga zale\u017cy od wymiar\u00f3w krzy\u017ca, przy wysoko\u015bci bi\u017cuterii 63 mm, waga z\u0142ota wynosi 20,10 grama. Wz\u00f3r mo\u017ce by\u0107 zmieniony zgodnie z \u017cyczeniem klienta.<\/p>\n","protected":false},"excerpt":{"rendered":"<p>Krzy\u017cyk &#8211; obudowa z bia\u0142ego z\u0142ota, rodowana, na drewnie. Waga zale\u017cy od wymiar\u00f3w krzy\u017ca, przy wysoko\u015bci bi\u017cuterii 63 mm, waga z\u0142ota wynosi 20,10 grama. Wz\u00f3r mo\u017ce by\u0107 zmieniony zgodnie z \u017cyczeniem klienta.<\/p>\n","protected":false},"featured_media":44268,"template":"","meta":{"_acf_changed":false},"product_brand":[],"product_cat":[504,509,510,511],"product_tag":[],"class_list":{"0":"post-44267","1":"product","2":"type-product","3":"status-publish","4":"has-post-thumbnail","6":"product_cat-golden-crosses-pl","7":"product_cat-made-of-white-gold-pl","8":"product_cat-mens-crosses-pl","9":"product_cat-on-an-ebony-tree-2-pl","11":"first","12":"instock","13":"product-type-simple"},"acf":[],"_links":{"self":[{"href":"https:\/\/zl.jewelry\/pl\/wp-json\/wp\/v2\/product\/44267","targetHints":{"allow":["GET"]}}],"collection":[{"href":"https:\/\/zl.jewelry\/pl\/wp-json\/wp\/v2\/product"}],"about":[{"href":"https:\/\/zl.jewelry\/pl\/wp-json\/wp\/v2\/types\/product"}],"wp:featuredmedia":[{"embeddable":true,"href":"https:\/\/zl.jewelry\/pl\/wp-json\/wp\/v2\/media\/44268"}],"wp:attachment":[{"href":"https:\/\/zl.jewelry\/pl\/wp-json\/wp\/v2\/media?parent=44267"}],"wp:term":[{"taxonomy":"product_brand","embeddable":true,"href":"https:\/\/zl.jewelry\/pl\/wp-json\/wp\/v2\/product_brand?post=44267"},{"taxonomy":"product_cat","embeddable":true,"href":"https:\/\/zl.jewelry\/pl\/wp-json\/wp\/v2\/product_cat?post=44267"},{"taxonomy":"product_tag","embeddable":true,"href":"https:\/\/zl.jewelry\/pl\/wp-json\/wp\/v2\/product_tag?post=44267"}],"curies":[{"name":"wp","href":"https:\/\/api.w.org\/{rel}","templated":true}]}}