{"id":44265,"date":"2025-06-18T10:59:50","date_gmt":"2025-06-18T10:59:50","guid":{"rendered":"https:\/\/zl.jewelry\/product\/angel-wings-sross\/"},"modified":"2025-09-26T18:30:34","modified_gmt":"2025-09-26T18:30:34","slug":"angel-wings-sross","status":"publish","type":"product","link":"https:\/\/zl.jewelry\/pl\/product\/angel-wings-sross\/","title":{"rendered":"Krzy\u017c &#8222;Skrzyd\u0142a Anio\u0142a&#8221;"},"content":{"rendered":"<p>Krzy\u017cyk z czerwonego z\u0142ota pr&oacute;by 585*, o wadze 9,71 grama. Krzy\u017c ze skrzyde\u0142kami i wstawkami z fianit&oacute;w. Wysoko\u015b\u0107 z uszkiem 45 mm. Na tylnej stronie pionowo przedstawione tr&oacute;jk\u0105ty i imi\u0119 klienta, oraz napis &quot;Save and Preserve&quot; w wersji skr&oacute;conej.<\/p>\n<p>_x000D_<br \/>\n_x000D_<\/p>\n<p>.<\/p>\n<p>_x000D_<\/p>\n","protected":false},"excerpt":{"rendered":"<p>Krzy\u017cyk z czerwonego z\u0142ota pr&oacute;by 585*, o wadze 9,71 grama. Krzy\u017c ze skrzyde\u0142kami i wstawkami z fianit&oacute;w. Wysoko\u015b\u0107 z uszkiem 45 mm. Na tylnej stronie pionowo przedstawione tr&oacute;jk\u0105ty i imi\u0119 klienta, oraz napis &quot;Save and Preserve&quot; w wersji skr&oacute;conej. _x000D_ _x000D_ . _x000D_<\/p>\n","protected":false},"featured_media":44266,"template":"","meta":{"_acf_changed":false},"product_brand":[],"product_cat":[504,506,507,510,512,513],"product_tag":[],"class_list":{"0":"post-44265","1":"product","2":"type-product","3":"status-publish","4":"has-post-thumbnail","6":"product_cat-golden-crosses-pl","7":"product_cat-crosses-with-stones-pl","8":"product_cat-exclusive-golden-handmade-crosses-pl","9":"product_cat-mens-crosses-pl","10":"product_cat-with-diamonds-pl","11":"product_cat-womens-crosses-pl","13":"first","14":"instock","15":"product-type-simple"},"acf":[],"_links":{"self":[{"href":"https:\/\/zl.jewelry\/pl\/wp-json\/wp\/v2\/product\/44265","targetHints":{"allow":["GET"]}}],"collection":[{"href":"https:\/\/zl.jewelry\/pl\/wp-json\/wp\/v2\/product"}],"about":[{"href":"https:\/\/zl.jewelry\/pl\/wp-json\/wp\/v2\/types\/product"}],"wp:featuredmedia":[{"embeddable":true,"href":"https:\/\/zl.jewelry\/pl\/wp-json\/wp\/v2\/media\/44266"}],"wp:attachment":[{"href":"https:\/\/zl.jewelry\/pl\/wp-json\/wp\/v2\/media?parent=44265"}],"wp:term":[{"taxonomy":"product_brand","embeddable":true,"href":"https:\/\/zl.jewelry\/pl\/wp-json\/wp\/v2\/product_brand?post=44265"},{"taxonomy":"product_cat","embeddable":true,"href":"https:\/\/zl.jewelry\/pl\/wp-json\/wp\/v2\/product_cat?post=44265"},{"taxonomy":"product_tag","embeddable":true,"href":"https:\/\/zl.jewelry\/pl\/wp-json\/wp\/v2\/product_tag?post=44265"}],"curies":[{"name":"wp","href":"https:\/\/api.w.org\/{rel}","templated":true}]}}