{"id":44263,"date":"2025-06-18T10:59:50","date_gmt":"2025-06-18T10:59:50","guid":{"rendered":"https:\/\/zl.jewelry\/product\/double-smooth-cross\/"},"modified":"2025-09-26T18:30:34","modified_gmt":"2025-09-26T18:30:34","slug":"double-smooth-cross","status":"publish","type":"product","link":"https:\/\/zl.jewelry\/pl\/product\/double-smooth-cross\/","title":{"rendered":"Podw\u00f3jny g\u0142adki krzy\u017c"},"content":{"rendered":"<p>Krzy\u017cyk z czerwonego z\u0142ota pr\u00f3by 585*, waga z\u0142ota 28,22 grama, g\u0142adki. Z ty\u0142u znajduje si\u0119 napis &quot;Save and Preserve&quot;. Wysoko\u015b\u0107 krzy\u017cyka bez uszka wynosi 50 mm.<\/p>\n","protected":false},"excerpt":{"rendered":"<p>Krzy\u017cyk z czerwonego z\u0142ota pr\u00f3by 585*, waga z\u0142ota 28,22 grama, g\u0142adki. Z ty\u0142u znajduje si\u0119 napis &quot;Save and Preserve&quot;. Wysoko\u015b\u0107 krzy\u017cyka bez uszka wynosi 50 mm.<\/p>\n","protected":false},"featured_media":44264,"template":"","meta":{"_acf_changed":false},"product_brand":[],"product_cat":[510,504],"product_tag":[],"class_list":{"0":"post-44263","1":"product","2":"type-product","3":"status-publish","4":"has-post-thumbnail","6":"product_cat-mens-crosses-pl","7":"product_cat-golden-crosses-pl","9":"first","10":"instock","11":"product-type-simple"},"acf":[],"_links":{"self":[{"href":"https:\/\/zl.jewelry\/pl\/wp-json\/wp\/v2\/product\/44263","targetHints":{"allow":["GET"]}}],"collection":[{"href":"https:\/\/zl.jewelry\/pl\/wp-json\/wp\/v2\/product"}],"about":[{"href":"https:\/\/zl.jewelry\/pl\/wp-json\/wp\/v2\/types\/product"}],"wp:featuredmedia":[{"embeddable":true,"href":"https:\/\/zl.jewelry\/pl\/wp-json\/wp\/v2\/media\/44264"}],"wp:attachment":[{"href":"https:\/\/zl.jewelry\/pl\/wp-json\/wp\/v2\/media?parent=44263"}],"wp:term":[{"taxonomy":"product_brand","embeddable":true,"href":"https:\/\/zl.jewelry\/pl\/wp-json\/wp\/v2\/product_brand?post=44263"},{"taxonomy":"product_cat","embeddable":true,"href":"https:\/\/zl.jewelry\/pl\/wp-json\/wp\/v2\/product_cat?post=44263"},{"taxonomy":"product_tag","embeddable":true,"href":"https:\/\/zl.jewelry\/pl\/wp-json\/wp\/v2\/product_tag?post=44263"}],"curies":[{"name":"wp","href":"https:\/\/api.w.org\/{rel}","templated":true}]}}