{"id":44259,"date":"2025-06-18T10:59:50","date_gmt":"2025-06-18T10:59:50","guid":{"rendered":"https:\/\/zl.jewelry\/product\/cross-with-the-face-of-st-nicholas\/"},"modified":"2025-09-26T18:30:33","modified_gmt":"2025-09-26T18:30:33","slug":"cross-with-the-face-of-st-nicholas","status":"publish","type":"product","link":"https:\/\/zl.jewelry\/pl\/product\/cross-with-the-face-of-st-nicholas\/","title":{"rendered":"Krzy\u017c z twarz\u0105 \u015bw. Miko\u0142aja"},"content":{"rendered":"<p>Krzy\u017c&nbsp; na drewnie Eben, w po\u0142\u0105czeniu czerwonego i bia\u0142ego z\u0142ota. Waga zmienia si\u0119 w stosunku do wymiar\u00f3w, przy przybli\u017conej wysoko\u015bci krzy\u017ca z uszkiem 65 mm, waga z\u0142ota 22,76 grama.&nbsp; Od strony frontowej podstawa w formie nak\u0142adek z czerwonego z\u0142ota, ukrzy\u017cowanie w formie nak\u0142adki, na uszku od strony frontowej chryzma. Na ko\u0144cach nak\u0142adek w formie odlew\u00f3w, w kt\u00f3rych osadzone s\u0105 kamienie o \u015brednicy 3 mm, na tylnej stronie w centplm wizeplnek \u015bw. Wizeplnek \u015bwi\u0119tego, nak\u0142adki i kplcyfiks z bia\u0142ego z\u0142ota, pokryte rodem.<\/p>\n","protected":false},"excerpt":{"rendered":"<p>Krzy\u017c&nbsp; na drewnie Eben, w po\u0142\u0105czeniu czerwonego i bia\u0142ego z\u0142ota. Waga zmienia si\u0119 w stosunku do wymiar\u00f3w, przy przybli\u017conej wysoko\u015bci krzy\u017ca z uszkiem 65 mm, waga z\u0142ota 22,76 grama.&nbsp; Od strony frontowej podstawa w formie nak\u0142adek z czerwonego z\u0142ota, ukrzy\u017cowanie w formie nak\u0142adki, na uszku od strony frontowej chryzma. Na ko\u0144cach nak\u0142adek w formie odlew\u00f3w,&#8230;<\/p>\n","protected":false},"featured_media":44260,"template":"","meta":{"_acf_changed":false},"product_brand":[],"product_cat":[511,510,506,512,504],"product_tag":[],"class_list":{"0":"post-44259","1":"product","2":"type-product","3":"status-publish","4":"has-post-thumbnail","6":"product_cat-on-an-ebony-tree-2-pl","7":"product_cat-mens-crosses-pl","8":"product_cat-crosses-with-stones-pl","9":"product_cat-with-diamonds-pl","10":"product_cat-golden-crosses-pl","12":"first","13":"instock","14":"product-type-simple"},"acf":[],"_links":{"self":[{"href":"https:\/\/zl.jewelry\/pl\/wp-json\/wp\/v2\/product\/44259","targetHints":{"allow":["GET"]}}],"collection":[{"href":"https:\/\/zl.jewelry\/pl\/wp-json\/wp\/v2\/product"}],"about":[{"href":"https:\/\/zl.jewelry\/pl\/wp-json\/wp\/v2\/types\/product"}],"wp:featuredmedia":[{"embeddable":true,"href":"https:\/\/zl.jewelry\/pl\/wp-json\/wp\/v2\/media\/44260"}],"wp:attachment":[{"href":"https:\/\/zl.jewelry\/pl\/wp-json\/wp\/v2\/media?parent=44259"}],"wp:term":[{"taxonomy":"product_brand","embeddable":true,"href":"https:\/\/zl.jewelry\/pl\/wp-json\/wp\/v2\/product_brand?post=44259"},{"taxonomy":"product_cat","embeddable":true,"href":"https:\/\/zl.jewelry\/pl\/wp-json\/wp\/v2\/product_cat?post=44259"},{"taxonomy":"product_tag","embeddable":true,"href":"https:\/\/zl.jewelry\/pl\/wp-json\/wp\/v2\/product_tag?post=44259"}],"curies":[{"name":"wp","href":"https:\/\/api.w.org\/{rel}","templated":true}]}}