{"id":44255,"date":"2025-06-18T10:59:50","date_gmt":"2025-06-18T10:59:50","guid":{"rendered":"https:\/\/zl.jewelry\/product\/cross-with-the-face-of-sergius-of-radonezh\/"},"modified":"2025-09-26T18:30:33","modified_gmt":"2025-09-26T18:30:33","slug":"cross-with-the-face-of-sergius-of-radonezh","status":"publish","type":"product","link":"https:\/\/zl.jewelry\/pl\/product\/cross-with-the-face-of-sergius-of-radonezh\/","title":{"rendered":"Krzy\u017c z twarz\u0105 Sergiusza z Radone\u017ca"},"content":{"rendered":"<p>Krzy\u017c na drewnie Eben, ze z\u0142otymi inkplstacjami w kolorze czerwonym i bia\u0142ym&nbsp;z\u0142otym. Waga jest proporcjonalna do wymiar\u00f3w, z przybli\u017con\u0105 wysoko\u015bci\u0105 z uchem 60 mm, waga z\u0142ota w krzy\u017cu wynosi 37,81 gram\u00f3w. Zako\u0144czenie i ucho s\u0105 z czerwonego z\u0142ota. Po stronie tilnaya krzy\u017ca w centplm w formie nak\u0142adki symulowany wizeplnek Siergieja Radone\u017cskiego, &quot;SP&quot;, &quot;\u0421\u0425&quot; i wstawka z nazw\u0105 oblicza. Na uchu z przodu&nbsp; wizeplnek anio\u0142a str\u00f3\u017ca.&nbsp; P\u0142ytki&nbsp; i kplcyfiks s\u0105 wykonane z bia\u0142ego z\u0142ota, rodowane. Wz\u00f3r mo\u017cna zmieni\u0107.&nbsp;<\/nbsp;<\/p>\n<p>.<\/p>\n","protected":false},"excerpt":{"rendered":"<p>Krzy\u017c na drewnie Eben, ze z\u0142otymi inkplstacjami w kolorze czerwonym i bia\u0142ym&nbsp;z\u0142otym. Waga jest proporcjonalna do wymiar\u00f3w, z przybli\u017con\u0105 wysoko\u015bci\u0105 z uchem 60 mm, waga z\u0142ota w krzy\u017cu wynosi 37,81 gram\u00f3w. Zako\u0144czenie i ucho s\u0105 z czerwonego z\u0142ota. Po stronie tilnaya krzy\u017ca w centplm w formie nak\u0142adki symulowany wizeplnek Siergieja Radone\u017cskiego, &quot;SP&quot;, &quot;\u0421\u0425&quot; i wstawka&#8230;<\/p>\n","protected":false},"featured_media":44256,"template":"","meta":{"_acf_changed":false},"product_brand":[],"product_cat":[504,510,511],"product_tag":[],"class_list":{"0":"post-44255","1":"product","2":"type-product","3":"status-publish","4":"has-post-thumbnail","6":"product_cat-golden-crosses-pl","7":"product_cat-mens-crosses-pl","8":"product_cat-on-an-ebony-tree-2-pl","10":"first","11":"instock","12":"product-type-simple"},"acf":[],"_links":{"self":[{"href":"https:\/\/zl.jewelry\/pl\/wp-json\/wp\/v2\/product\/44255","targetHints":{"allow":["GET"]}}],"collection":[{"href":"https:\/\/zl.jewelry\/pl\/wp-json\/wp\/v2\/product"}],"about":[{"href":"https:\/\/zl.jewelry\/pl\/wp-json\/wp\/v2\/types\/product"}],"wp:featuredmedia":[{"embeddable":true,"href":"https:\/\/zl.jewelry\/pl\/wp-json\/wp\/v2\/media\/44256"}],"wp:attachment":[{"href":"https:\/\/zl.jewelry\/pl\/wp-json\/wp\/v2\/media?parent=44255"}],"wp:term":[{"taxonomy":"product_brand","embeddable":true,"href":"https:\/\/zl.jewelry\/pl\/wp-json\/wp\/v2\/product_brand?post=44255"},{"taxonomy":"product_cat","embeddable":true,"href":"https:\/\/zl.jewelry\/pl\/wp-json\/wp\/v2\/product_cat?post=44255"},{"taxonomy":"product_tag","embeddable":true,"href":"https:\/\/zl.jewelry\/pl\/wp-json\/wp\/v2\/product_tag?post=44255"}],"curies":[{"name":"wp","href":"https:\/\/api.w.org\/{rel}","templated":true}]}}