{"id":44253,"date":"2025-06-18T10:59:50","date_gmt":"2025-06-18T10:59:50","guid":{"rendered":"https:\/\/zl.jewelry\/product\/cross-exquisite-style-without-crucifix\/"},"modified":"2025-09-26T18:30:33","modified_gmt":"2025-09-26T18:30:33","slug":"cross-exquisite-style-without-crucifix","status":"publish","type":"product","link":"https:\/\/zl.jewelry\/pl\/product\/cross-exquisite-style-without-crucifix\/","title":{"rendered":"Krzy\u017c &#8222;Wykwintny styl&#8221; bez ukrzy\u017cowania"},"content":{"rendered":"<p>Krzy\u017cyk z czerwonego z\u0142ota. Waga z\u0142ota w krzy\u017cyku&nbsp; 18,36 grama, wysoko\u015b\u0107 50 mm bez uszka. Z przodu krzy\u017cyk klienta i napisy &quot;IS&quot;, &quot;XS&quot;, &quot;Inci&quot;, &quot;Nika&quot;. Z ty\u0142u znajduje si\u0119 napis &quot;Oszcz\u0119dzaj i zachowuj&quot;.<\/p>\n<p>_x000D_<br \/>\n_x000D_<\/p>\n<p>.<\/p>\n<p>_x000D_<\/p>\n","protected":false},"excerpt":{"rendered":"<p>Krzy\u017cyk z czerwonego z\u0142ota. Waga z\u0142ota w krzy\u017cyku&nbsp; 18,36 grama, wysoko\u015b\u0107 50 mm bez uszka. Z przodu krzy\u017cyk klienta i napisy &quot;IS&quot;, &quot;XS&quot;, &quot;Inci&quot;, &quot;Nika&quot;. Z ty\u0142u znajduje si\u0119 napis &quot;Oszcz\u0119dzaj i zachowuj&quot;. _x000D_ _x000D_ . _x000D_<\/p>\n","protected":false},"featured_media":44254,"template":"","meta":{"_acf_changed":false},"product_brand":[],"product_cat":[504,510,513],"product_tag":[],"class_list":{"0":"post-44253","1":"product","2":"type-product","3":"status-publish","4":"has-post-thumbnail","6":"product_cat-golden-crosses-pl","7":"product_cat-mens-crosses-pl","8":"product_cat-womens-crosses-pl","10":"first","11":"instock","12":"product-type-simple"},"acf":[],"_links":{"self":[{"href":"https:\/\/zl.jewelry\/pl\/wp-json\/wp\/v2\/product\/44253","targetHints":{"allow":["GET"]}}],"collection":[{"href":"https:\/\/zl.jewelry\/pl\/wp-json\/wp\/v2\/product"}],"about":[{"href":"https:\/\/zl.jewelry\/pl\/wp-json\/wp\/v2\/types\/product"}],"wp:featuredmedia":[{"embeddable":true,"href":"https:\/\/zl.jewelry\/pl\/wp-json\/wp\/v2\/media\/44254"}],"wp:attachment":[{"href":"https:\/\/zl.jewelry\/pl\/wp-json\/wp\/v2\/media?parent=44253"}],"wp:term":[{"taxonomy":"product_brand","embeddable":true,"href":"https:\/\/zl.jewelry\/pl\/wp-json\/wp\/v2\/product_brand?post=44253"},{"taxonomy":"product_cat","embeddable":true,"href":"https:\/\/zl.jewelry\/pl\/wp-json\/wp\/v2\/product_cat?post=44253"},{"taxonomy":"product_tag","embeddable":true,"href":"https:\/\/zl.jewelry\/pl\/wp-json\/wp\/v2\/product_tag?post=44253"}],"curies":[{"name":"wp","href":"https:\/\/api.w.org\/{rel}","templated":true}]}}