{"id":44249,"date":"2025-06-18T10:59:50","date_gmt":"2025-06-18T10:59:50","guid":{"rendered":"https:\/\/zl.jewelry\/product\/diamond-lane-sross\/"},"modified":"2025-09-26T18:30:32","modified_gmt":"2025-09-26T18:30:32","slug":"diamond-lane-sross","status":"publish","type":"product","link":"https:\/\/zl.jewelry\/pl\/product\/diamond-lane-sross\/","title":{"rendered":"Krzy\u017c \u201eDiamentowa \u015bcie\u017cka\u201d"},"content":{"rendered":"<p>Krzy\u017cyk z cytrynowego z\u0142ota pr\u00f3by 585*, czerniony i wysadzany czarnymi diamentami. Waga z\u0142ota w krzy\u017cu wynosi 8,65 grama. \u015arednica diament\u00f3w 1,5 mm (38 sztuk). Wysoko\u015b\u0107 krzy\u017cyka z uchem to 50mm.<\/p>\n","protected":false},"excerpt":{"rendered":"<p>Krzy\u017cyk z cytrynowego z\u0142ota pr\u00f3by 585*, czerniony i wysadzany czarnymi diamentami. Waga z\u0142ota w krzy\u017cu wynosi 8,65 grama. \u015arednica diament\u00f3w 1,5 mm (38 sztuk). Wysoko\u015b\u0107 krzy\u017cyka z uchem to 50mm.<\/p>\n","protected":false},"featured_media":44250,"template":"","meta":{"_acf_changed":false},"product_brand":[],"product_cat":[504,506,512,513],"product_tag":[],"class_list":{"0":"post-44249","1":"product","2":"type-product","3":"status-publish","4":"has-post-thumbnail","6":"product_cat-golden-crosses-pl","7":"product_cat-crosses-with-stones-pl","8":"product_cat-with-diamonds-pl","9":"product_cat-womens-crosses-pl","11":"first","12":"instock","13":"product-type-simple"},"acf":[],"_links":{"self":[{"href":"https:\/\/zl.jewelry\/pl\/wp-json\/wp\/v2\/product\/44249","targetHints":{"allow":["GET"]}}],"collection":[{"href":"https:\/\/zl.jewelry\/pl\/wp-json\/wp\/v2\/product"}],"about":[{"href":"https:\/\/zl.jewelry\/pl\/wp-json\/wp\/v2\/types\/product"}],"wp:featuredmedia":[{"embeddable":true,"href":"https:\/\/zl.jewelry\/pl\/wp-json\/wp\/v2\/media\/44250"}],"wp:attachment":[{"href":"https:\/\/zl.jewelry\/pl\/wp-json\/wp\/v2\/media?parent=44249"}],"wp:term":[{"taxonomy":"product_brand","embeddable":true,"href":"https:\/\/zl.jewelry\/pl\/wp-json\/wp\/v2\/product_brand?post=44249"},{"taxonomy":"product_cat","embeddable":true,"href":"https:\/\/zl.jewelry\/pl\/wp-json\/wp\/v2\/product_cat?post=44249"},{"taxonomy":"product_tag","embeddable":true,"href":"https:\/\/zl.jewelry\/pl\/wp-json\/wp\/v2\/product_tag?post=44249"}],"curies":[{"name":"wp","href":"https:\/\/api.w.org\/{rel}","templated":true}]}}