{"id":44245,"date":"2025-06-18T10:59:50","date_gmt":"2025-06-18T10:59:50","guid":{"rendered":"https:\/\/zl.jewelry\/product\/shaped-cross\/"},"modified":"2025-09-26T18:30:32","modified_gmt":"2025-09-26T18:30:32","slug":"shaped-cross","status":"publish","type":"product","link":"https:\/\/zl.jewelry\/pl\/product\/shaped-cross\/","title":{"rendered":"Krzy\u017c o ukszta\u0142towanej formie"},"content":{"rendered":"<p>Unikalny krzy\u017c, wykonany z czerwonego z\u0142ota, z niello. Na przedniej stronie znajduje si\u0119 twarz Miko\u0142aja z kotwic\u0105. Z ty\u0142u znajduj\u0105 si\u0119 wzory. Nak\u0142adka w postaci wizeplnku \u015bwi\u0119tego wykonana jest z bia\u0142ego z\u0142ota, pokrytego rodem. Waga zale\u017cy od wymiar\u00f3w bi\u017cuterii, przy przybli\u017conej wysoko\u015bci 50 mm, waga z\u0142ota w bi\u017cuterii wynosi 16,35 grama. Wz\u00f3r bi\u017cuterii mo\u017ce zosta\u0107 zmieniony na \u017cyczenie klienta.<\/p>\n","protected":false},"excerpt":{"rendered":"<p>Unikalny krzy\u017c, wykonany z czerwonego z\u0142ota, z niello. Na przedniej stronie znajduje si\u0119 twarz Miko\u0142aja z kotwic\u0105. Z ty\u0142u znajduj\u0105 si\u0119 wzory. Nak\u0142adka w postaci wizeplnku \u015bwi\u0119tego wykonana jest z bia\u0142ego z\u0142ota, pokrytego rodem. Waga zale\u017cy od wymiar\u00f3w bi\u017cuterii, przy przybli\u017conej wysoko\u015bci 50 mm, waga z\u0142ota w bi\u017cuterii wynosi 16,35 grama. Wz\u00f3r bi\u017cuterii mo\u017ce zosta\u0107&#8230;<\/p>\n","protected":false},"featured_media":44246,"template":"","meta":{"_acf_changed":false},"product_brand":[],"product_cat":[504,507,510],"product_tag":[],"class_list":{"0":"post-44245","1":"product","2":"type-product","3":"status-publish","4":"has-post-thumbnail","6":"product_cat-golden-crosses-pl","7":"product_cat-exclusive-golden-handmade-crosses-pl","8":"product_cat-mens-crosses-pl","10":"first","11":"instock","12":"product-type-simple"},"acf":[],"_links":{"self":[{"href":"https:\/\/zl.jewelry\/pl\/wp-json\/wp\/v2\/product\/44245","targetHints":{"allow":["GET"]}}],"collection":[{"href":"https:\/\/zl.jewelry\/pl\/wp-json\/wp\/v2\/product"}],"about":[{"href":"https:\/\/zl.jewelry\/pl\/wp-json\/wp\/v2\/types\/product"}],"wp:featuredmedia":[{"embeddable":true,"href":"https:\/\/zl.jewelry\/pl\/wp-json\/wp\/v2\/media\/44246"}],"wp:attachment":[{"href":"https:\/\/zl.jewelry\/pl\/wp-json\/wp\/v2\/media?parent=44245"}],"wp:term":[{"taxonomy":"product_brand","embeddable":true,"href":"https:\/\/zl.jewelry\/pl\/wp-json\/wp\/v2\/product_brand?post=44245"},{"taxonomy":"product_cat","embeddable":true,"href":"https:\/\/zl.jewelry\/pl\/wp-json\/wp\/v2\/product_cat?post=44245"},{"taxonomy":"product_tag","embeddable":true,"href":"https:\/\/zl.jewelry\/pl\/wp-json\/wp\/v2\/product_tag?post=44245"}],"curies":[{"name":"wp","href":"https:\/\/api.w.org\/{rel}","templated":true}]}}