{"id":44243,"date":"2025-06-18T10:59:50","date_gmt":"2025-06-18T10:59:50","guid":{"rendered":"https:\/\/zl.jewelry\/product\/cross-with-the-face-of-st-george-the-victorious\/"},"modified":"2026-04-23T15:29:40","modified_gmt":"2026-04-23T15:29:40","slug":"cross-with-the-face-of-st-george-the-victorious","status":"publish","type":"product","link":"https:\/\/zl.jewelry\/pl\/product\/cross-with-the-face-of-st-george-the-victorious\/","title":{"rendered":"Krzy\u017c z twarz\u0105 \u015bwi\u0119tego Jerzego Zwyci\u0119zcy"},"content":{"rendered":"<p>Krzy\u017c z bia\u0142ego z\u0142ota na drewnianej podstawie. Na przedniej stronie znajduje si\u0119 kplcyfiks, na tylnej stronie po\u015brodku znajduje si\u0119 wstawka z wizeplnkiem \u015bwi\u0119tego Jerzego Zwyci\u0119zcy. Na centralnych wstawkach z przodu i z ty\u0142u znajduje si\u0119 czarna emalia. Na uchu z przodu wymodelowany jest symbol &#8222;chrisma&#8221; na ko\u0144cach krzy\u017ca osadzone s\u0105 kamienie o \u015brednicy 3,5 mm. Elementy z bia\u0142ego z\u0142ota s\u0105 rodowane. Waga z\u0142ota jest proporcjonalna do wymiar\u00f3w, przy\u00a0ca\u0142kowitej wysoko\u015bci krzy\u017cyka 58 mm, waga z\u0142ota w&amp;nbspbi\u017cuterii wynosi 22,64 grama. Wz\u00f3r mo\u017ce by\u0107 zmieniony zgodnie z \u017cyczeniem klienta.<\/p>\n","protected":false},"excerpt":{"rendered":"<p>Krzy\u017c z bia\u0142ego z\u0142ota na drewnianej podstawie. Na przedniej stronie znajduje si\u0119 kplcyfiks, na tylnej stronie po\u015brodku znajduje si\u0119 wstawka z wizeplnkiem \u015bwi\u0119tego Jerzego Zwyci\u0119zcy. Na centralnych wstawkach z przodu i z ty\u0142u znajduje si\u0119 czarna emalia. Na uchu z przodu wymodelowany jest symbol &#8222;chrisma&#8221; na ko\u0144cach krzy\u017ca osadzone s\u0105 kamienie o \u015brednicy 3,5 mm&#8230;.<\/p>\n","protected":false},"featured_media":36023,"template":"","meta":{"_acf_changed":false},"product_brand":[],"product_cat":[511,505,510,504],"product_tag":[],"class_list":{"0":"post-44243","1":"product","2":"type-product","3":"status-publish","4":"has-post-thumbnail","6":"product_cat-on-an-ebony-tree-2-pl","7":"product_cat-crosses-for-children-pl","8":"product_cat-mens-crosses-pl","9":"product_cat-golden-crosses-pl","11":"first","12":"instock","13":"product-type-simple"},"acf":[],"_links":{"self":[{"href":"https:\/\/zl.jewelry\/pl\/wp-json\/wp\/v2\/product\/44243","targetHints":{"allow":["GET"]}}],"collection":[{"href":"https:\/\/zl.jewelry\/pl\/wp-json\/wp\/v2\/product"}],"about":[{"href":"https:\/\/zl.jewelry\/pl\/wp-json\/wp\/v2\/types\/product"}],"wp:featuredmedia":[{"embeddable":true,"href":"https:\/\/zl.jewelry\/pl\/wp-json\/wp\/v2\/media\/36023"}],"wp:attachment":[{"href":"https:\/\/zl.jewelry\/pl\/wp-json\/wp\/v2\/media?parent=44243"}],"wp:term":[{"taxonomy":"product_brand","embeddable":true,"href":"https:\/\/zl.jewelry\/pl\/wp-json\/wp\/v2\/product_brand?post=44243"},{"taxonomy":"product_cat","embeddable":true,"href":"https:\/\/zl.jewelry\/pl\/wp-json\/wp\/v2\/product_cat?post=44243"},{"taxonomy":"product_tag","embeddable":true,"href":"https:\/\/zl.jewelry\/pl\/wp-json\/wp\/v2\/product_tag?post=44243"}],"curies":[{"name":"wp","href":"https:\/\/api.w.org\/{rel}","templated":true}]}}