{"id":44241,"date":"2025-06-18T10:59:50","date_gmt":"2025-06-18T10:59:50","guid":{"rendered":"https:\/\/zl.jewelry\/product\/cross-with-enamel-in-white-gold-on-a-wooden-base\/"},"modified":"2025-09-26T18:30:31","modified_gmt":"2025-09-26T18:30:31","slug":"cross-with-enamel-in-white-gold-on-a-wooden-base","status":"publish","type":"product","link":"https:\/\/zl.jewelry\/pl\/product\/cross-with-enamel-in-white-gold-on-a-wooden-base\/","title":{"rendered":"Krzy\u017c z emali\u0105 w bia\u0142ym z\u0142ocie na drewnianej podstawie"},"content":{"rendered":"<p>Krzy\u017c z bia\u0142ego z\u0142ota pr\u00f3by 585*, wa\u017c\u0105cy 31,11 grama. Krzy\u017c jest drewniany i emaliowany z przodu, z ty\u0142u i po bokach. Wysoko\u015b\u0107 krzy\u017cyka wynosi oko\u0142o 60 mm. Krzy\u017c jest rodowany.<\/p>\n","protected":false},"excerpt":{"rendered":"<p>Krzy\u017c z bia\u0142ego z\u0142ota pr\u00f3by 585*, wa\u017c\u0105cy 31,11 grama. Krzy\u017c jest drewniany i emaliowany z przodu, z ty\u0142u i po bokach. Wysoko\u015b\u0107 krzy\u017cyka wynosi oko\u0142o 60 mm. Krzy\u017c jest rodowany.<\/p>\n","protected":false},"featured_media":44242,"template":"","meta":{"_acf_changed":false},"product_brand":[],"product_cat":[504,509,510],"product_tag":[],"class_list":{"0":"post-44241","1":"product","2":"type-product","3":"status-publish","4":"has-post-thumbnail","6":"product_cat-golden-crosses-pl","7":"product_cat-made-of-white-gold-pl","8":"product_cat-mens-crosses-pl","10":"first","11":"instock","12":"product-type-simple"},"acf":[],"_links":{"self":[{"href":"https:\/\/zl.jewelry\/pl\/wp-json\/wp\/v2\/product\/44241","targetHints":{"allow":["GET"]}}],"collection":[{"href":"https:\/\/zl.jewelry\/pl\/wp-json\/wp\/v2\/product"}],"about":[{"href":"https:\/\/zl.jewelry\/pl\/wp-json\/wp\/v2\/types\/product"}],"wp:featuredmedia":[{"embeddable":true,"href":"https:\/\/zl.jewelry\/pl\/wp-json\/wp\/v2\/media\/44242"}],"wp:attachment":[{"href":"https:\/\/zl.jewelry\/pl\/wp-json\/wp\/v2\/media?parent=44241"}],"wp:term":[{"taxonomy":"product_brand","embeddable":true,"href":"https:\/\/zl.jewelry\/pl\/wp-json\/wp\/v2\/product_brand?post=44241"},{"taxonomy":"product_cat","embeddable":true,"href":"https:\/\/zl.jewelry\/pl\/wp-json\/wp\/v2\/product_cat?post=44241"},{"taxonomy":"product_tag","embeddable":true,"href":"https:\/\/zl.jewelry\/pl\/wp-json\/wp\/v2\/product_tag?post=44241"}],"curies":[{"name":"wp","href":"https:\/\/api.w.org\/{rel}","templated":true}]}}