{"id":44239,"date":"2025-06-18T10:59:50","date_gmt":"2025-06-18T10:59:50","guid":{"rendered":"https:\/\/zl.jewelry\/product\/cross-stained-glass-on-a-wooden-base\/"},"modified":"2026-04-23T15:19:34","modified_gmt":"2026-04-23T15:19:34","slug":"cross-stained-glass-on-a-wooden-base","status":"publish","type":"product","link":"https:\/\/zl.jewelry\/pl\/product\/cross-stained-glass-on-a-wooden-base\/","title":{"rendered":"Krzy\u017c  &#8222;Stained glass&#8221; na drewnianej podstawie"},"content":{"rendered":"<p>Skrzynia krzy\u017cowa w kolorze czerwonego z\u0142ota, na drewnianej podstawie z Eben. Na kraw\u0119dziach wyst\u0119p\u00f3w, na ko\u0144cach ornament. Na uchu krzy\u017ca wizeplnek Arzangela, z ty\u0142u ornament. Na drewnie\u00a0 z ty\u0142u napis &#8222;Save and Preserve&#8221;. Na przedniej stronie znajduje si\u0119 krzy\u017c klienta. Waga z\u0142ota w krzy\u017cyku to 36,53 grama, wysoko\u015b\u0107 krzy\u017cyka w uchu 72mm.<\/p>\n","protected":false},"excerpt":{"rendered":"<p>Skrzynia krzy\u017cowa w kolorze czerwonego z\u0142ota, na drewnianej podstawie z Eben. Na kraw\u0119dziach wyst\u0119p\u00f3w, na ko\u0144cach ornament. Na uchu krzy\u017ca wizeplnek Arzangela, z ty\u0142u ornament. Na drewnie\u00a0 z ty\u0142u napis &#8222;Save and Preserve&#8221;. Na przedniej stronie znajduje si\u0119 krzy\u017c klienta. Waga z\u0142ota w krzy\u017cyku to 36,53 grama, wysoko\u015b\u0107 krzy\u017cyka w uchu 72mm.<\/p>\n","protected":false},"featured_media":44240,"template":"","meta":{"_acf_changed":false},"product_brand":[],"product_cat":[511,510,506,504],"product_tag":[],"class_list":{"0":"post-44239","1":"product","2":"type-product","3":"status-publish","4":"has-post-thumbnail","6":"product_cat-on-an-ebony-tree-2-pl","7":"product_cat-mens-crosses-pl","8":"product_cat-crosses-with-stones-pl","9":"product_cat-golden-crosses-pl","11":"first","12":"instock","13":"product-type-simple"},"acf":[],"_links":{"self":[{"href":"https:\/\/zl.jewelry\/pl\/wp-json\/wp\/v2\/product\/44239","targetHints":{"allow":["GET"]}}],"collection":[{"href":"https:\/\/zl.jewelry\/pl\/wp-json\/wp\/v2\/product"}],"about":[{"href":"https:\/\/zl.jewelry\/pl\/wp-json\/wp\/v2\/types\/product"}],"wp:featuredmedia":[{"embeddable":true,"href":"https:\/\/zl.jewelry\/pl\/wp-json\/wp\/v2\/media\/44240"}],"wp:attachment":[{"href":"https:\/\/zl.jewelry\/pl\/wp-json\/wp\/v2\/media?parent=44239"}],"wp:term":[{"taxonomy":"product_brand","embeddable":true,"href":"https:\/\/zl.jewelry\/pl\/wp-json\/wp\/v2\/product_brand?post=44239"},{"taxonomy":"product_cat","embeddable":true,"href":"https:\/\/zl.jewelry\/pl\/wp-json\/wp\/v2\/product_cat?post=44239"},{"taxonomy":"product_tag","embeddable":true,"href":"https:\/\/zl.jewelry\/pl\/wp-json\/wp\/v2\/product_tag?post=44239"}],"curies":[{"name":"wp","href":"https:\/\/api.w.org\/{rel}","templated":true}]}}