{"id":44237,"date":"2025-06-18T10:59:50","date_gmt":"2025-06-18T10:59:50","guid":{"rendered":"https:\/\/zl.jewelry\/product\/guardians-cross-in-white-gold\/"},"modified":"2025-09-26T18:30:31","modified_gmt":"2025-09-26T18:30:31","slug":"guardians-cross-in-white-gold","status":"publish","type":"product","link":"https:\/\/zl.jewelry\/pl\/product\/guardians-cross-in-white-gold\/","title":{"rendered":"Krzy\u017c \u201eGuardians\u201d z bia\u0142ego z\u0142ota"},"content":{"rendered":"<p>Krzy\u017cyk na drewnianej podstawie, z wstawkami z bia\u0142ego z\u0142ota, kt\u00f3re s\u0105 pokryte rodem. Waga jest w stosunku wymiar\u00f3w, przy ca\u0142kowitej wysoko\u015bci krzy\u017ca 60 mm, waga z\u0142ota w bi\u017cuterii wynosi 17,29 grama. Na przedniej stronie po\u015brodku znajduje si\u0119 nak\u0142adka w formie kplcyfiksu, na tylnej stronie po\u015brodku znajduje si\u0119 nak\u0142adka z napisem &quot;Save and Preserve&quot;. Na ko\u0144cach z\u0142ote wstawki&nbsp; z wizeplnkiem \u015bwi\u0119tych, oraz wizeplnkami anio\u0142\u00f3w. Na uchu z przodu przedstawiona jest chrisma, z ty\u0142u kotwica. Wk\u0142adki&nbsp; pokryte s\u0105 niello. Wz\u00f3r mo\u017ce by\u0107 zmieniony na \u017cyczenie klienta\u0430.&nbsp;&nbsp;<\/p>\n","protected":false},"excerpt":{"rendered":"<p>Krzy\u017cyk na drewnianej podstawie, z wstawkami z bia\u0142ego z\u0142ota, kt\u00f3re s\u0105 pokryte rodem. Waga jest w stosunku wymiar\u00f3w, przy ca\u0142kowitej wysoko\u015bci krzy\u017ca 60 mm, waga z\u0142ota w bi\u017cuterii wynosi 17,29 grama. Na przedniej stronie po\u015brodku znajduje si\u0119 nak\u0142adka w formie kplcyfiksu, na tylnej stronie po\u015brodku znajduje si\u0119 nak\u0142adka z napisem &quot;Save and Preserve&quot;. Na ko\u0144cach&#8230;<\/p>\n","protected":false},"featured_media":44238,"template":"","meta":{"_acf_changed":false},"product_brand":[],"product_cat":[504,509,510,511],"product_tag":[],"class_list":{"0":"post-44237","1":"product","2":"type-product","3":"status-publish","4":"has-post-thumbnail","6":"product_cat-golden-crosses-pl","7":"product_cat-made-of-white-gold-pl","8":"product_cat-mens-crosses-pl","9":"product_cat-on-an-ebony-tree-2-pl","11":"first","12":"instock","13":"product-type-simple"},"acf":[],"_links":{"self":[{"href":"https:\/\/zl.jewelry\/pl\/wp-json\/wp\/v2\/product\/44237","targetHints":{"allow":["GET"]}}],"collection":[{"href":"https:\/\/zl.jewelry\/pl\/wp-json\/wp\/v2\/product"}],"about":[{"href":"https:\/\/zl.jewelry\/pl\/wp-json\/wp\/v2\/types\/product"}],"wp:featuredmedia":[{"embeddable":true,"href":"https:\/\/zl.jewelry\/pl\/wp-json\/wp\/v2\/media\/44238"}],"wp:attachment":[{"href":"https:\/\/zl.jewelry\/pl\/wp-json\/wp\/v2\/media?parent=44237"}],"wp:term":[{"taxonomy":"product_brand","embeddable":true,"href":"https:\/\/zl.jewelry\/pl\/wp-json\/wp\/v2\/product_brand?post=44237"},{"taxonomy":"product_cat","embeddable":true,"href":"https:\/\/zl.jewelry\/pl\/wp-json\/wp\/v2\/product_cat?post=44237"},{"taxonomy":"product_tag","embeddable":true,"href":"https:\/\/zl.jewelry\/pl\/wp-json\/wp\/v2\/product_tag?post=44237"}],"curies":[{"name":"wp","href":"https:\/\/api.w.org\/{rel}","templated":true}]}}